{"id":5236,"date":"2024-10-15T10:37:52","date_gmt":"2024-10-15T08:37:52","guid":{"rendered":"https:\/\/campingclosduthym.com\/faq-camping-argeles-sur-mer-2\/"},"modified":"2025-01-14T12:28:51","modified_gmt":"2025-01-14T11:28:51","slug":"campsite-faq-argeles-sur-mer","status":"publish","type":"page","link":"https:\/\/campingclosduthym.com\/en\/campsite-faq-argeles-sur-mer\/","title":{"rendered":"We answer your questions in our Frequently Asked Questions section."},"content":{"rendered":"\n<div class=\"wp-block-group alignfull gt-reveal gt-faq-section has-global-padding is-layout-constrained wp-block-group-is-layout-constrained\">\n<div class=\"wp-block-group has-global-padding is-layout-constrained wp-block-group-is-layout-constrained\">\n<figure class=\"wp-block-image aligncenter size-full gt-reveal-down wp-duotone-174c4f-174c4f-1\"><img data-dominant-color=\"b15526\" data-has-transparency=\"true\" style=\"--dominant-color: #b15526;\" decoding=\"async\" width=\"43\" height=\"21\" src=\"https:\/\/campingclosduthym.com\/wp-content\/uploads\/sites\/5\/2024\/08\/separator.png\" alt=\"separator\" class=\"wp-image-150 has-transparency\"\/><\/figure>\n\n\n\n<div class=\"wp-block-group gt-reveal-down has-global-padding is-layout-constrained wp-container-core-group-is-layout-2 wp-block-group-is-layout-constrained\">\n<div class=\"wp-block-group has-contrast-background-color has-background is-layout-flow wp-block-group-is-layout-flow\" style=\"min-height:2rem\"><\/div>\n<\/div>\n<\/div>\n\n\n\n<div class=\"wp-block-group alignwide is-vertical is-content-justification-stretch is-layout-flex wp-container-core-group-is-layout-4 wp-block-group-is-layout-flex\">\n<div class=\"wp-block-columns alignwide gt-no-border-mobile is-layout-flex wp-container-core-columns-is-layout-1 wp-block-columns-is-layout-flex\" style=\"border-bottom-width:1px\">\n<div class=\"wp-block-column gt-no-border-mobile is-layout-flow wp-block-column-is-layout-flow\">\n<details class=\"wp-block-details is-layout-flow wp-block-details-is-layout-flow\" style=\"padding-top:var(--wp--preset--spacing--20);padding-right:var(--wp--preset--spacing--30);padding-bottom:var(--wp--preset--spacing--20);padding-left:0\"><summary><strong>What types of accommodation are available?<\/strong><\/summary>\n<p>We only rent mobile homes at Le Clos du Thym. We have very few as we are a residential campsite. <\/p>\n<\/details>\n<\/div>\n\n\n\n<div class=\"wp-block-column gt-no-border-mobile is-layout-flow wp-block-column-is-layout-flow\" style=\"border-left-width:1px\">\n<details class=\"wp-block-details is-layout-flow wp-block-details-is-layout-flow\" style=\"padding-top:var(--wp--preset--spacing--20);padding-right:0;padding-bottom:var(--wp--preset--spacing--20);padding-left:var(--wp--preset--spacing--30)\"><summary><strong>How much is the deposit?<\/strong><\/summary>\n<p>Two deposits will be required: \u20ac440 for the mobile home and equipment and \u20ac80 for cleaning. You can pay these deposits in 2 checks or by credit card. <\/p>\n<\/details>\n<\/div>\n<\/div>\n\n\n\n<div class=\"wp-block-columns alignwide gt-no-border-mobile is-layout-flex wp-container-core-columns-is-layout-2 wp-block-columns-is-layout-flex\" style=\"border-bottom-width:1px\">\n<div class=\"wp-block-column gt-no-border-mobile is-layout-flow wp-block-column-is-layout-flow\">\n<details class=\"wp-block-details is-layout-flow wp-block-details-is-layout-flow\" style=\"padding-top:var(--wp--preset--spacing--20);padding-right:var(--wp--preset--spacing--30);padding-bottom:var(--wp--preset--spacing--20);padding-left:0\"><summary><strong>What are the arrival and departure days?<\/strong><\/summary>\n<p>Arrivals and departures only on Saturdays. Arrival from 5 pm and departure until 10 am. <\/p>\n<\/details>\n<\/div>\n\n\n\n<div class=\"wp-block-column gt-no-border-mobile is-layout-flow wp-block-column-is-layout-flow\" style=\"border-left-width:1px\">\n<details class=\"wp-block-details is-layout-flow wp-block-details-is-layout-flow\" style=\"padding-top:var(--wp--preset--spacing--20);padding-right:0;padding-bottom:var(--wp--preset--spacing--20);padding-left:var(--wp--preset--spacing--30)\"><summary><strong>Are you VACAF approved?<\/strong><\/summary>\n<p>No.<\/p>\n<\/details>\n<\/div>\n<\/div>\n\n\n\n<div class=\"wp-block-columns alignwide gt-no-border-mobile is-layout-flex wp-container-core-columns-is-layout-3 wp-block-columns-is-layout-flex\" style=\"border-bottom-width:1px\">\n<div class=\"wp-block-column gt-no-border-mobile is-layout-flow wp-block-column-is-layout-flow\">\n<details class=\"wp-block-details is-layout-flow wp-block-details-is-layout-flow\" style=\"padding-top:var(--wp--preset--spacing--20);padding-right:var(--wp--preset--spacing--30);padding-bottom:var(--wp--preset--spacing--20);padding-left:0\"><summary><strong>What time should I arrive? What time should I leave? <\/strong><\/summary>\n<p>We guarantee mobile homes from 5 pm. If you arrive earlier, you can use the swimming pool and campsite facilities after checking in. Departures must be made before 10 a.m., with an appointment made 48 hours in advance at reception, in order to schedule the departure inventory for the day of your departure. <\/p>\n<\/details>\n<\/div>\n\n\n\n<div class=\"wp-block-column gt-no-border-mobile is-layout-flow wp-block-column-is-layout-flow\" style=\"border-left-width:1px\">\n<details class=\"wp-block-details is-layout-flow wp-block-details-is-layout-flow\" style=\"padding-top:var(--wp--preset--spacing--20);padding-right:0;padding-bottom:var(--wp--preset--spacing--20);padding-left:var(--wp--preset--spacing--30)\"><summary><strong>Do you have laundry facilities? What services and shops are available on site? <\/strong><\/summary>\n<p>Laundry facilities are available on the campsite, and tokens can be purchased at reception. During the high season, family entertainment is available. A children&#8217;s club (ages 6 to 12) is also available, subject to registration.  <\/p>\n<\/details>\n<\/div>\n<\/div>\n\n\n\n<div class=\"wp-block-columns alignwide gt-no-border-mobile is-layout-flex wp-container-core-columns-is-layout-4 wp-block-columns-is-layout-flex\" style=\"border-bottom-width:1px\">\n<div class=\"wp-block-column gt-no-border-mobile is-layout-flow wp-block-column-is-layout-flow\">\n<details class=\"wp-block-details is-layout-flow wp-block-details-is-layout-flow\" style=\"padding-top:var(--wp--preset--spacing--20);padding-right:var(--wp--preset--spacing--30);padding-bottom:var(--wp--preset--spacing--20);padding-left:0\"><summary><strong>What should we do on arrival?<\/strong><\/summary>\n<p>When you arrive, you must go to reception, whether you have rented through the campsite or through an owner. We will welcome you and give you all the information you need for your stay. When you move into your mobile home, you&#8217;ll need to complete an inventory, which you&#8217;ll need to hand in to reception the next morning, along with your deposit.  <\/p>\n<\/details>\n<\/div>\n\n\n\n<div class=\"wp-block-column gt-no-border-mobile is-layout-flow wp-block-column-is-layout-flow\" style=\"border-left-width:1px\">\n<details class=\"wp-block-details is-layout-flow wp-block-details-is-layout-flow\" style=\"padding-top:var(--wp--preset--spacing--20);padding-right:0;padding-bottom:var(--wp--preset--spacing--20);padding-left:var(--wp--preset--spacing--30)\"><summary><strong>Which swimsuits are allowed?<\/strong><\/summary>\n<p>We accept swimming trunks for men, and real swimsuits for women. Swimming shorts are strictly forbidden.<\/p>\n<\/details>\n<\/div>\n<\/div>\n\n\n\n<div class=\"wp-block-columns alignwide gt-no-border-mobile is-layout-flex wp-container-core-columns-is-layout-5 wp-block-columns-is-layout-flex\" style=\"border-bottom-width:1px\">\n<div class=\"wp-block-column gt-no-border-mobile is-layout-flow wp-block-column-is-layout-flow\">\n<details class=\"wp-block-details is-layout-flow wp-block-details-is-layout-flow\" style=\"padding-top:var(--wp--preset--spacing--20);padding-right:var(--wp--preset--spacing--30);padding-bottom:var(--wp--preset--spacing--20);padding-left:0\"><summary><strong>What are the reception hours? Swimming pool? <\/strong><\/summary>\n<p>The campsite reception is open all year round. <br\/>July\/August: Sunday to Friday: 9 a.m.-1 p.m.-3.30 p.m.-7.30 p.m. and Saturday: 8 a.m.-1 p.m.-2 p.m.-8 p.m. <br\/>May \/ June \/ September: 9 am &#8211; 12 pm &#8211; 2 pm &#8211; 6 pm. <br\/>Rest of the year: 2 pm &#8211; 6 pm. <br\/>The swimming pool is open from June to September, from 10 am to 8 pm.<\/p>\n<\/details>\n<\/div>\n\n\n\n<div class=\"wp-block-column gt-no-border-mobile is-layout-flow wp-block-column-is-layout-flow\" style=\"border-left-width:1px\">\n<details class=\"wp-block-details is-layout-flow wp-block-details-is-layout-flow\" style=\"padding-top:var(--wp--preset--spacing--20);padding-right:0;padding-bottom:var(--wp--preset--spacing--20);padding-left:var(--wp--preset--spacing--30)\"><summary><strong>Are pets allowed? Which pets? <\/strong><\/summary>\n<p>Pets are welcome. Only category 1 and 2 dogs are prohibited. In high season (July\/August) a supplement of 23 \u20ac will be charged.  <\/p>\n<\/details>\n<\/div>\n<\/div>\n\n\n\n<div class=\"wp-block-columns alignwide gt-no-border-mobile is-layout-flex wp-container-core-columns-is-layout-6 wp-block-columns-is-layout-flex\" style=\"border-bottom-width:1px\">\n<div class=\"wp-block-column gt-no-border-mobile is-layout-flow wp-block-column-is-layout-flow\">\n<details class=\"wp-block-details is-layout-flow wp-block-details-is-layout-flow\" style=\"padding-top:var(--wp--preset--spacing--20);padding-right:var(--wp--preset--spacing--30);padding-bottom:var(--wp--preset--spacing--20);padding-left:0\"><summary><strong>What if we arrive after reception hours?<\/strong><\/summary>\n<p>Don&#8217;t worry, if you arrive outside reception hours, we&#8217;ll offer you an alternative thanks to our on-site security guards. Please do not hesitate to contact us for further information. <\/p>\n<\/details>\n<\/div>\n\n\n\n<div class=\"wp-block-column gt-no-border-mobile is-layout-flow wp-block-column-is-layout-flow\" style=\"border-left-width:1px\">\n<details class=\"wp-block-details is-layout-flow wp-block-details-is-layout-flow\" style=\"padding-top:var(--wp--preset--spacing--20);padding-right:0;padding-bottom:var(--wp--preset--spacing--20);padding-left:var(--wp--preset--spacing--30)\"><summary><strong>Is there wifi?<\/strong><\/summary>\n<p>Yes, you will have one wifi connection per pitch, valid for 1 device. No other connection will be available, even at extra cost.<\/p>\n<\/details>\n<\/div>\n<\/div>\n\n\n\n<div class=\"wp-block-columns alignwide gt-no-border-mobile is-layout-flex wp-container-core-columns-is-layout-7 wp-block-columns-is-layout-flex\" style=\"border-bottom-width:1px\">\n<div class=\"wp-block-column gt-no-border-mobile is-layout-flow wp-block-column-is-layout-flow\">\n<details class=\"wp-block-details is-layout-flow wp-block-details-is-layout-flow\" style=\"padding-top:var(--wp--preset--spacing--20);padding-right:var(--wp--preset--spacing--30);padding-bottom:var(--wp--preset--spacing--20);padding-left:0\"><summary><strong>Can we invite friends? Do my visitors have access to the pool? <\/strong><\/summary>\n<p>If you have visitors coming to see you on site, it is imperative that you inform reception. They can spend the day with you, but cannot sleep on site. Visitors don&#8217;t have access to the swimming pool, but you can still have lunch in the restaurant, a drink in the bar, or use the facilities (such as the p\u00e9tanque court and soccer pitch). The swimming pool is the only place they won&#8217;t have access to, for reasons of insurance and capacity.   <\/p>\n<\/details>\n<\/div>\n\n\n\n<div class=\"wp-block-column gt-no-border-mobile is-layout-flow wp-block-column-is-layout-flow\" style=\"border-left-width:1px\">\n<details class=\"wp-block-details is-layout-flow wp-block-details-is-layout-flow\" style=\"padding-top:var(--wp--preset--spacing--20);padding-right:0;padding-bottom:var(--wp--preset--spacing--20);padding-left:var(--wp--preset--spacing--30)\"><summary><strong>Is there a parking lot?<\/strong><\/summary>\n<p>You can park one car per space, and the outside parking lot will allow you to park other vehicles if required.<\/p>\n<\/details>\n<\/div>\n<\/div>\n\n\n\n<div class=\"wp-block-columns alignwide gt-no-border-mobile is-layout-flex wp-container-core-columns-is-layout-8 wp-block-columns-is-layout-flex\" style=\"border-bottom-width:1px\">\n<div class=\"wp-block-column gt-no-border-mobile is-layout-flow wp-block-column-is-layout-flow\">\n<details class=\"wp-block-details is-layout-flow wp-block-details-is-layout-flow\" style=\"padding-top:var(--wp--preset--spacing--20);padding-right:var(--wp--preset--spacing--30);padding-bottom:var(--wp--preset--spacing--20);padding-left:0\"><summary><strong>What payment methods do you accept?<\/strong><\/summary>\n<p>We accept payment by credit card, cheque, vacation vouchers, bank transfer and cash.<\/p>\n<\/details>\n<\/div>\n\n\n\n<div class=\"wp-block-column gt-no-border-mobile is-layout-flow wp-block-column-is-layout-flow\" style=\"border-left-width:1px\">\n<details class=\"wp-block-details is-layout-flow wp-block-details-is-layout-flow\" style=\"padding-top:var(--wp--preset--spacing--20);padding-right:0;padding-bottom:var(--wp--preset--spacing--20);padding-left:var(--wp--preset--spacing--30)\"><summary><strong>Are sheets provided?<\/strong><\/summary>\n<p>No, you must bring your own linen (sheets, towels, tea towels, etc.). Disposable sheets are available at \u20ac13 per pair, please ask at reception. <\/p>\n<\/details>\n<\/div>\n<\/div>\n\n\n\n<div class=\"wp-block-columns alignwide gt-no-border-mobile is-layout-flex wp-container-core-columns-is-layout-9 wp-block-columns-is-layout-flex\" style=\"border-bottom-width:1px\">\n<div class=\"wp-block-column gt-no-border-mobile is-layout-flow wp-block-column-is-layout-flow\">\n<details class=\"wp-block-details is-layout-flow wp-block-details-is-layout-flow\" style=\"padding-top:var(--wp--preset--spacing--20);padding-right:var(--wp--preset--spacing--30);padding-bottom:var(--wp--preset--spacing--20);padding-left:0\"><summary><strong>Are household products provided?<\/strong><\/summary>\n<p>No, they&#8217;re not supplied &#8211; you&#8217;ll need to bring your own. Mobile homes are equipped with brooms, mops and buckets. <\/p>\n<\/details>\n<\/div>\n\n\n\n<div class=\"wp-block-column gt-no-border-mobile is-layout-flow wp-block-column-is-layout-flow\" style=\"border-left-width:1px\"><\/div>\n<\/div>\n<\/div>\n<\/div>\n\n<div style=\"height:6rem\" aria-hidden=\"true\" class=\"wp-block-spacer\"><\/div>\n\n<div class=\"wp-block-group alignfull is-layout-flow wp-block-group-is-layout-flow\" style=\"padding-bottom:0\">\n<div class=\"wp-block-group alignwide animated fadeIn slower is-layout-flow wp-block-group-is-layout-flow\" style=\"margin-top:0;margin-bottom:-33px;padding-right:0;padding-left:0\">\n<p class=\"gt-sliding-text has-contrast-3-color has-text-color has-link-color has-sogo-font-family wp-elements-055dedaa180c6391e3df9be02b178382\" style=\"margin-top:0;margin-right:0;margin-bottom:0;margin-left:0;font-size:7vw;font-style:normal;font-weight:300;line-height:1;text-transform:uppercase\">DISCOVER<\/p>\n<\/div>\n\n\n\n<div class=\"wp-block-group gt-break-mobile is-layout-grid wp-container-core-group-is-layout-7 wp-block-group-is-layout-grid\" style=\"border-radius:2rem\">\n<div\n\tstyle=\"border-radius:0rem;\" class=\"gt-maillage-2 wp-block-gt-gt-fse-maillage\"\tdata-wp-interactive=\"gt\/maillage\"\n\tdata-wp-on--click=\"actions.ctaLoad\"\n\tdata-wp-context='{\"radius\":\"0rem\",\"hover_bg_color\":\"#132f44\",\"hover_text_color\":\"#ffffff\",\"hover_image_opacity\":0.5}'>\t\n\n\t\n\t\t\t\t\t\t\t\t\t<div \n\t\t\t\tclass=\"gt-fse-maillage-link gt-fse-maillage-image-zoom gt-fse-maillage-hover-background-color gt-fse-maillage-hover-text-color\"\n\t\t\t\tstyle=\"border-radius: 0rem\"\n\t\t\t\tdata-wp-on-async--mouseover=\"actions.mouseover\"\n\t\t\t>\n\t\t\t\t\t\t\t\t\t\t\t\t\t\t\t\t\t\t<\/div>\n\t\t\t\t\t\t\t\t\t\t\t<div \n\t\t\t\tclass=\"gt-fse-maillage-link gt-fse-maillage-image-zoom gt-fse-maillage-hover-background-color gt-fse-maillage-hover-text-color\"\n\t\t\t\tstyle=\"border-radius: 0rem\"\n\t\t\t\tdata-wp-on-async--mouseover=\"actions.mouseover\"\n\t\t\t>\n\t\t\t\t\t\t\t\t\t\t\t\t\t\t\t\t\t\t<\/div>\n\t\t\t\t\t\t\t\t\t\t\t<div \n\t\t\t\tclass=\"gt-fse-maillage-link gt-fse-maillage-image-zoom gt-fse-maillage-hover-background-color gt-fse-maillage-hover-text-color\"\n\t\t\t\tstyle=\"border-radius: 0rem\"\n\t\t\t\tdata-wp-on-async--mouseover=\"actions.mouseover\"\n\t\t\t>\n\t\t\t\t\t\t\t\t\t\t\t\t\t\t\t\t\t\t<\/div>\n\t\t\t\t\t\t\t\t<\/div><\/div>\n\n\n\n<div style=\"height:6rem\" aria-hidden=\"true\" class=\"wp-block-spacer\"><\/div>\n<\/div>\n","protected":false},"excerpt":{"rendered":"<p>DISCOVER<\/p>\n","protected":false},"author":1,"featured_media":4760,"parent":0,"menu_order":0,"comment_status":"closed","ping_status":"closed","template":"","meta":{"_acf_changed":false,"_seopress_robots_primary_cat":"","_seopress_titles_title":"FAQ about camping in Argel\u00e8s-sur-Mer, Pyr\u00e9n\u00e9es-Orientales, France","_seopress_titles_desc":"All the answers to your questions in the FAQ about camping in Argel\u00e8s-sur-Mer, Pyr\u00e9n\u00e9es-Orientales: types of accommodation, opening hours...","_seopress_robots_index":"","_gt_ctv_global_id":"","_gt_ctv_id_group":false,"inline_featured_image":false,"gt_fse_maillage_image":"https:\/\/campingclosduthym.com\/wp-content\/uploads\/sites\/5\/2024\/11\/clos-du-thym-faq-camping-argeles-sur-mer.webp","gt_fse_maillage_titre":"We answer your questions in our Frequently Asked Questions section.","gt_fse_maillage_resume":"","_gt_maillage_image":0,"_gt_maillage_video":0,"_gt_maillage_title":"","footnotes":""},"categories":[],"tags":[],"class_list":["post-5236","page","type-page","status-publish","has-post-thumbnail","hentry"],"acf":[],"_links":{"self":[{"href":"https:\/\/campingclosduthym.com\/en\/wp-json\/wp\/v2\/pages\/5236","targetHints":{"allow":["GET"]}}],"collection":[{"href":"https:\/\/campingclosduthym.com\/en\/wp-json\/wp\/v2\/pages"}],"about":[{"href":"https:\/\/campingclosduthym.com\/en\/wp-json\/wp\/v2\/types\/page"}],"author":[{"embeddable":true,"href":"https:\/\/campingclosduthym.com\/en\/wp-json\/wp\/v2\/users\/1"}],"replies":[{"embeddable":true,"href":"https:\/\/campingclosduthym.com\/en\/wp-json\/wp\/v2\/comments?post=5236"}],"version-history":[{"count":5,"href":"https:\/\/campingclosduthym.com\/en\/wp-json\/wp\/v2\/pages\/5236\/revisions"}],"predecessor-version":[{"id":5766,"href":"https:\/\/campingclosduthym.com\/en\/wp-json\/wp\/v2\/pages\/5236\/revisions\/5766"}],"wp:featuredmedia":[{"embeddable":true,"href":"https:\/\/campingclosduthym.com\/en\/wp-json\/wp\/v2\/media\/4760"}],"wp:attachment":[{"href":"https:\/\/campingclosduthym.com\/en\/wp-json\/wp\/v2\/media?parent=5236"}],"wp:term":[{"taxonomy":"category","embeddable":true,"href":"https:\/\/campingclosduthym.com\/en\/wp-json\/wp\/v2\/categories?post=5236"},{"taxonomy":"post_tag","embeddable":true,"href":"https:\/\/campingclosduthym.com\/en\/wp-json\/wp\/v2\/tags?post=5236"}],"curies":[{"name":"wp","href":"https:\/\/api.w.org\/{rel}","templated":true}]}}