{"id":5254,"date":"2024-10-15T10:29:38","date_gmt":"2024-10-15T08:29:38","guid":{"rendered":"https:\/\/campingclosduthym.com\/camping-pas-cher-argeles-sur-mer\/"},"modified":"2025-01-14T13:36:33","modified_gmt":"2025-01-14T12:36:33","slug":"cheap-camping-argeles-sur-mer","status":"publish","type":"page","link":"https:\/\/campingclosduthym.com\/en\/cheap-camping-argeles-sur-mer\/","title":{"rendered":"Stay in a campsite at the best price in Argel\u00e8s-sur-Mer"},"content":{"rendered":"\n<div class=\"wp-block-group alignfull gt-reveal has-global-padding is-layout-constrained wp-container-core-group-is-layout-5 wp-block-group-is-layout-constrained\">\n<div style=\"height:6rem\" aria-hidden=\"true\" class=\"wp-block-spacer gt-hide-mobile\"><\/div>\n\n\n\n<div class=\"wp-block-group alignwide gt-break-mobile gt-reverse-mobile is-nowrap is-layout-flex wp-container-core-group-is-layout-4 wp-block-group-is-layout-flex\">\n<div class=\"wp-block-group has-global-padding is-layout-constrained wp-block-group-is-layout-constrained\">\n<div class=\"wp-block-group is-layout-flow wp-block-group-is-layout-flow\" style=\"padding-right:var(--wp--preset--spacing--30);padding-left:var(--wp--preset--spacing--30)\">\n<div style=\"height:10rem\" aria-hidden=\"true\" class=\"wp-block-spacer gt-hide-mobile\"><\/div>\n\n\n\n<figure class=\"wp-block-image aligncenter size-full gt-reveal-down wp-duotone-174c4f-174c4f-1\"><img data-dominant-color=\"b15526\" data-has-transparency=\"true\" style=\"--dominant-color: #b15526;\" decoding=\"async\" width=\"43\" height=\"21\" src=\"https:\/\/campingclosduthym.com\/wp-content\/uploads\/sites\/5\/2024\/08\/separator.png\" alt=\"separator\" class=\"wp-image-150 has-transparency\"\/><\/figure>\n\n\n<h2 class=\"wp-block-heading has-text-align-center gt-reveal-down has-accent-color has-text-color has-link-color wp-elements-d23737c13815742d4d04a0d79ced8743\" id=\"affordable-accommodation-in-the-pyrenees-orientales\">Affordable accommodation in the Pyr\u00e9n\u00e9es-Orientales<\/h2>\n\n\n<p class=\"has-text-align-center gt-reveal-down has-medium-font-size\">Looking for <strong>affordable accommodation<\/strong> for your vacation in the Pyr\u00e9n\u00e9es-Orientales? <a href=\"\">Camping Clos du Thym in Argel\u00e8s-sur-Mer<\/a> is the ideal place to spend a vacation with family or friends without breaking the bank. Located just <strong>2.5 km from the Mediterranean Sea<\/strong> and 500 m from the village, our campsite offers a <strong>natural, friendly setting<\/strong> for an unforgettable stay.  <\/p>\n\n\n\n<p class=\"has-text-align-center gt-reveal-down has-medium-font-size\"><strong>Accommodation to suit all budgets<\/strong> <br\/>At the Clos du Thym campsite, we offer a wide choice of accommodation at <strong>competitive prices<\/strong> to meet your every need. Our <a href=\"https:\/\/campingclosduthym.com\/en\/mobil-home-rental-argeles-sur-mer\/\">mobile homes for rent in Argel\u00e8s-sur-Mer<\/a> are equipped with <strong>everything you need for a pleasant stay<\/strong>, including a fully-equipped kitchen, private bathroom and shaded terrace. <\/p>\n\n\n    <div id=\"gt-fse-lire-plus-69f0c417d03dd\" class=\"gt-fse-lire-plus\" data-min-height=\"130\" style=\"background-color: #fff;\">\n        <input id=\"gt-fse-lire-plus-69f0c417d03dd-toggle\" type=\"checkbox\" class=\"gt-fse-lire-plus__toggle\" \/>\n        <label for=\"gt-fse-lire-plus-69f0c417d03dd-toggle\" class=\"gt-fse-lire-plus__toggle-label\">\n            <span>Read more<\/span>\n            <span>Read less<\/span>\n        <\/label>\n        <div class=\"gt-fse-lire-plus__content\" style=\"height: 130px;\">\n            \n\n<p class=\"has-text-align-center gt-reveal-down has-medium-font-size\"><strong>Quality facilities and services<\/strong> <br\/>Take advantage of our <strong>on-site facilities<\/strong>, such as our swimming pool with spa area, children&#8217;s playground and p\u00e9tanque court. We also offer <strong>entertainment in July and August<\/strong> to keep young and old entertained. For your convenience, we have a <strong>refreshment bar<\/strong>, <strong>snack bar<\/strong> and <strong>free wifi access<\/strong>.  <\/p>\n\n\n\n<p class=\"has-text-align-center gt-reveal-down has-medium-font-size\"><strong>An ideal location for exploring the Pyr\u00e9n\u00e9es-Orientales<\/strong> <br\/>The Clos du Thym campsite is <strong>ideally located<\/strong> for <a href=\"https:\/\/campingclosduthym.com\/en\/tourism-pyrenees-orientales\/\">discovering the wonders of the Pyr\u00e9n\u00e9es-Orientales<\/a>. Explore the sandy beaches, picturesque villages and hiking trails nearby. Be sure to visit <strong>Collioure<\/strong>, <strong>Perpignan<\/strong> and the many natural sites in the region.  <\/p>\n\n            <div class=\"gt-fse-lire-plus__gradient\" style=\"background: linear-gradient(to bottom,rgba(255,255,255,0) 0%,rgba(255,255,255,1) 100%);\"><\/div>\n        <\/div>\n    <\/div>\n    <\/div>\n<\/div>\n\n\n\n<div class=\"wp-block-group wp-container-content-1 is-layout-flow wp-block-group-is-layout-flow\">\n<figure class=\"wp-block-image size-full gt-reveal\"><img data-dominant-color=\"c2a278\" data-has-transparency=\"false\" style=\"--dominant-color: #c2a278;\" decoding=\"async\" width=\"640\" height=\"961\" src=\"https:\/\/campingclosduthym.com\/wp-content\/uploads\/sites\/5\/2024\/10\/profitez-d-un-hebergement-a-bas-prix-dans-les-pyrenees-orientales.webp\" alt=\"enjoy low-cost accommodation in the pyrenees orientales\" class=\"wp-image-4267 not-transparent\" srcset=\"https:\/\/campingclosduthym.com\/wp-content\/uploads\/sites\/5\/2024\/10\/profitez-d-un-hebergement-a-bas-prix-dans-les-pyrenees-orientales.webp 640w, https:\/\/campingclosduthym.com\/wp-content\/uploads\/sites\/5\/2024\/10\/profitez-d-un-hebergement-a-bas-prix-dans-les-pyrenees-orientales-200x300.webp 200w\" sizes=\"(max-width: 640px) 100vw, 640px\" \/><\/figure>\n<\/div>\n<\/div>\n\n\n\n<div style=\"height:6rem\" aria-hidden=\"true\" class=\"wp-block-spacer gt-hide-mobile\"><\/div>\n<\/div>\n\n<div \n\tclass=\"wp-block-gt-gt-fse-widgets-ctv\"\tdata-wp-interactive=\"gt\/ctv\/widgets\"\t\n>\n\n                        <ctv-availability data-background-color=\"#FFFFFFFF\" ><\/ctv-availability>\n\n            \n<\/div>\n<div class=\"wp-block-group alignfull gt-reveal has-global-padding is-layout-constrained wp-container-core-group-is-layout-11 wp-block-group-is-layout-constrained\">\n<div class=\"wp-block-group alignwide animated fadeIn slower gt-hide-mobile is-layout-flow wp-block-group-is-layout-flow\" style=\"margin-top:0;margin-bottom:-33px;padding-right:0;padding-left:0\">\n<p class=\"gt-sliding-text has-contrast-3-color has-text-color has-link-color has-sogo-font-family wp-elements-01c355d8e6b7295d4f36a808f8d250a5\" style=\"margin-top:0;margin-right:0;margin-bottom:0;margin-left:0;font-size:7vw;font-style:normal;font-weight:300;line-height:1;text-transform:uppercase\">OUR PROMOTIONS<\/p>\n<\/div>\n\n\n\n<div class=\"wp-block-group alignwide gt-break-mobile is-nowrap is-layout-flex wp-container-core-group-is-layout-10 wp-block-group-is-layout-flex\">\n<div class=\"wp-block-group wp-container-content-2 is-layout-flow wp-block-group-is-layout-flow\">\n<figure class=\"wp-block-image size-full gt-reveal\"><img data-dominant-color=\"7e9288\" data-has-transparency=\"false\" style=\"--dominant-color: #7e9288;\" decoding=\"async\" width=\"640\" height=\"960\" src=\"https:\/\/campingclosduthym.com\/wp-content\/uploads\/sites\/5\/2024\/11\/promotions-du-camping.webp\" alt=\"camping promotions\" class=\"wp-image-4742 not-transparent\" srcset=\"https:\/\/campingclosduthym.com\/wp-content\/uploads\/sites\/5\/2024\/11\/promotions-du-camping.webp 640w, https:\/\/campingclosduthym.com\/wp-content\/uploads\/sites\/5\/2024\/11\/promotions-du-camping-200x300.webp 200w\" sizes=\"(max-width: 640px) 100vw, 640px\" \/><\/figure>\n<\/div>\n\n\n\n<div class=\"wp-block-group has-global-padding is-layout-constrained wp-block-group-is-layout-constrained\">\n<div class=\"wp-block-group is-layout-flow wp-block-group-is-layout-flow\" style=\"padding-right:var(--wp--preset--spacing--30);padding-left:var(--wp--preset--spacing--30)\">\n<div style=\"height:10rem\" aria-hidden=\"true\" class=\"wp-block-spacer gt-hide-mobile\"><\/div>\n\n\n\n<figure class=\"wp-block-image aligncenter size-full gt-reveal-down wp-duotone-174c4f-174c4f-2\"><img data-dominant-color=\"b15526\" data-has-transparency=\"true\" style=\"--dominant-color: #b15526;\" decoding=\"async\" width=\"43\" height=\"21\" src=\"https:\/\/campingclosduthym.com\/wp-content\/uploads\/sites\/5\/2024\/08\/separator.png\" alt=\"separator\" class=\"wp-image-150 has-transparency\"\/><\/figure>\n\n\n<h2 class=\"wp-block-heading has-text-align-center gt-reveal-down has-accent-color has-text-color has-link-color wp-elements-44df8f51ccd7b143be4354698ca4d89b\" id=\"discover-the-campsite-promotions\">Discover the campsite promotions<\/h2>\n\n\n<p class=\"has-text-align-center gt-reveal-down has-medium-font-size\"><strong>Discover the unbeatable offers of our campsite<\/strong> <br\/>Explore our <strong>exceptional promotions<\/strong> and benefit from<strong>exclusive offers<\/strong> for an unforgettable vacation.<\/p>\n\n\n\n<p class=\"has-text-align-center gt-reveal-down has-medium-font-size\">Join our <strong>loyalty program if you came last year and get a 5% discount, and if you&#8217;ve stayed two years in a row, you get a 10% discount<\/strong>. <strong>Refer a friend <\/strong>and get an extra discount to use on your next vacation. Book several consecutive weeks and benefit from an <strong>exceptional discount<\/strong> on your stay. <\/p>\n\n\n\n<p class=\"has-text-align-center gt-reveal-down has-medium-font-size\">These unique offers guarantee a <strong>memorable, cost-effective vacation<\/strong>. Don&#8217;t miss your chance! Book now and experience unforgettable moments in the heart of nature at our friendly and welcoming campsite.  <\/p>\n\n\n\n<div class=\"wp-block-buttons is-content-justification-center is-layout-flex wp-container-core-buttons-is-layout-1 wp-block-buttons-is-layout-flex\">\n<div class=\"wp-block-button has-custom-font-size is-style-gt-contour-small has-sogo-font-family has-large-font-size\" style=\"font-style:normal;font-weight:300\"><a class=\"wp-block-button__link has-accent-color has-text-color has-link-color wp-element-button\" href=\"https:\/\/campingclosduthym.com\/wp-content\/uploads\/sites\/5\/2024\/12\/offre-fidelite-clos-1.png\" target=\"_blank\" rel=\"noreferrer noopener\">Our promotions<\/a><\/div>\n<\/div>\n<\/div>\n<\/div>\n<\/div>\n<\/div>\n\n<div style=\"height:6rem\" aria-hidden=\"true\" class=\"wp-block-spacer gt-hide-mobile\"><\/div>\n\n<div \n\tclass=\"wp-block-gt-gt-fse-widgets-ctv\"\tdata-wp-interactive=\"gt\/ctv\/widgets\"\t\n>\n\n            <ctv-offers data-display-mode=\"carousel\" ><\/ctv-offers>\n\n    \n<\/div>\n<div class=\"wp-block-group alignfull has-global-padding is-layout-constrained wp-block-group-is-layout-constrained\">\n<div class=\"wp-block-group alignfull gt-reveal gt-break-mobile gt-reverse-mobile is-content-justification-center is-nowrap is-layout-flex wp-container-core-group-is-layout-14 wp-block-group-is-layout-flex\">\n<div class=\"wp-block-group is-nowrap is-layout-flex wp-container-core-group-is-layout-13 wp-block-group-is-layout-flex\" style=\"padding-right:var(--wp--preset--spacing--20);padding-left:var(--wp--preset--spacing--20)\">\n<div class=\"wp-block-group has-global-padding is-layout-constrained wp-block-group-is-layout-constrained\"><h2 class=\"wp-block-heading has-accent-color has-text-color has-link-color wp-elements-e2741ca06b58368710aef5bbe3075f77\" id=\"book-direct-to-benefit-from-the-best-rates\">Book direct to benefit from the best rates<\/h2>\n\n\n<p class=\"has-medium-font-size\">Book <strong>directly on our website or by phone<\/strong> to benefit from the <strong>best rates<\/strong> and<strong>exclusive advantages<\/strong>.<\/p>\n\n\n\n<p class=\"has-medium-font-size\">By choosing direct booking, you gain access to <strong>attractive offers<\/strong> and <strong>special promotions<\/strong> you won&#8217;t find anywhere else. Our dedicated team is on <strong>hand<\/strong> to answer all your questions and help you plan your vacation. <\/p>\n\n\n\n<p class=\"has-medium-font-size\">Don&#8217;t miss this opportunity to <strong>save money<\/strong> and enjoy an unforgettable stay. Book now and <strong>benefit from the best conditions<\/strong> for your vacation. <\/p>\n<\/div>\n<\/div>\n\n\n\n<figure class=\"wp-block-image size-full\"><img data-dominant-color=\"7c8270\" data-has-transparency=\"false\" style=\"--dominant-color: #7c8270;\" decoding=\"async\" width=\"662\" height=\"531\" src=\"https:\/\/campingclosduthym.com\/wp-content\/uploads\/sites\/5\/2024\/11\/reservez-en-direct.webp\" alt=\"book direct\" class=\"wp-image-4745 not-transparent\" srcset=\"https:\/\/campingclosduthym.com\/wp-content\/uploads\/sites\/5\/2024\/11\/reservez-en-direct.webp 662w, https:\/\/campingclosduthym.com\/wp-content\/uploads\/sites\/5\/2024\/11\/reservez-en-direct-300x241.webp 300w\" sizes=\"(max-width: 662px) 100vw, 662px\" \/><\/figure>\n<\/div>\n\n\n\n<div style=\"height:6rem\" aria-hidden=\"true\" class=\"wp-block-spacer\"><\/div>\n<\/div>\n\n<div class=\"wp-block-group alignfull is-layout-flow wp-block-group-is-layout-flow\" style=\"padding-bottom:0\">\n<div class=\"wp-block-group alignwide animated fadeIn slower is-layout-flow wp-block-group-is-layout-flow\" style=\"margin-top:0;margin-bottom:-33px;padding-right:0;padding-left:0\">\n<p class=\"gt-sliding-text has-contrast-3-color has-text-color has-link-color has-sogo-font-family wp-elements-cb93cae8c27b9d086c01fab9f25f394b\" style=\"margin-top:0;margin-right:0;margin-bottom:0;margin-left:0;font-size:7vw;font-style:normal;font-weight:300;line-height:1;text-transform:uppercase\">EXPLORE<\/p>\n<\/div>\n\n\n\n<div class=\"wp-block-group gt-break-mobile is-layout-grid wp-container-core-group-is-layout-17 wp-block-group-is-layout-grid\" style=\"border-radius:2rem\">\n<div\n\tstyle=\"border-radius:0rem;\" class=\"gt-maillage-3 wp-block-gt-gt-fse-maillage\"\tdata-wp-interactive=\"gt\/maillage\"\n\tdata-wp-on--click=\"actions.ctaLoad\"\n\tdata-wp-context='{\"radius\":\"0rem\",\"hover_bg_color\":\"#132f44\",\"hover_text_color\":\"#ffffff\",\"hover_image_opacity\":0.5}'>\t\n\n\t\n\t\t\t\t\t\t\t\t\t<div \n\t\t\t\tclass=\"gt-fse-maillage-link gt-fse-maillage-image-zoom gt-fse-maillage-hover-background-color gt-fse-maillage-hover-text-color\"\n\t\t\t\tstyle=\"border-radius: 0rem\"\n\t\t\t\tdata-wp-on-async--mouseover=\"actions.mouseover\"\n\t\t\t>\n\t\t\t\t\t\t\t\t\t\t\t\t\t\t\t\t\t\t<\/div>\n\t\t\t\t\t\t\t\t\t\t\t<div \n\t\t\t\tclass=\"gt-fse-maillage-link gt-fse-maillage-image-zoom gt-fse-maillage-hover-background-color gt-fse-maillage-hover-text-color\"\n\t\t\t\tstyle=\"border-radius: 0rem\"\n\t\t\t\tdata-wp-on-async--mouseover=\"actions.mouseover\"\n\t\t\t>\n\t\t\t\t\t\t\t\t\t\t\t\t\t\t\t\t\t\t<\/div>\n\t\t\t\t\t\t\t\t\t\t\t<div \n\t\t\t\tclass=\"gt-fse-maillage-link gt-fse-maillage-image-zoom gt-fse-maillage-hover-background-color gt-fse-maillage-hover-text-color\"\n\t\t\t\tstyle=\"border-radius: 0rem\"\n\t\t\t\tdata-wp-on-async--mouseover=\"actions.mouseover\"\n\t\t\t>\n\t\t\t\t\t\t\t\t\t\t\t\t\t\t\t\t\t\t<\/div>\n\t\t\t\t\t\t\t\t<\/div><\/div>\n\n\n\n<div style=\"height:6rem\" aria-hidden=\"true\" class=\"wp-block-spacer\"><\/div>\n<\/div>\n","protected":false},"excerpt":{"rendered":"<p>Affordable accommodation in the Pyr\u00e9n\u00e9es-Orientales Looking for affordable accommodation for your vacation in the Pyr\u00e9n\u00e9es-Orientales? Camping Clos du Thym in Argel\u00e8s-sur-Mer is the ideal place to spend a vacation with family or friends without breaking the bank. Located just 2.5 km from the Mediterranean Sea and 500 m from the village, our campsite offers a [&hellip;]<\/p>\n","protected":false},"author":1,"featured_media":4067,"parent":0,"menu_order":0,"comment_status":"closed","ping_status":"closed","template":"","meta":{"_acf_changed":false,"_seopress_robots_primary_cat":"","_seopress_titles_title":"Camping at the best price in Argel\u00e8s-sur-Mer, Pyr\u00e9n\u00e9es-Orientales","_seopress_titles_desc":"Stay at a campsite in Argel\u00e8s-sur-Mer at the best price and with special offers, book directly in the Pyr\u00e9n\u00e9es-Orientales!","_seopress_robots_index":"","_gt_ctv_global_id":"1911","_gt_ctv_id_group":false,"inline_featured_image":false,"gt_fse_maillage_image":"https:\/\/campingclosduthym.com\/wp-content\/uploads\/sites\/5\/2024\/10\/le-clos-du-thym-camping-pas-cher-argeles-sur-mer.webp","gt_fse_maillage_titre":"Stay in a campsite at the best price in Argel\u00e8s-sur-Mer","gt_fse_maillage_resume":"","_gt_maillage_image":0,"_gt_maillage_video":0,"_gt_maillage_title":"","footnotes":""},"categories":[],"tags":[],"class_list":["post-5254","page","type-page","status-publish","has-post-thumbnail","hentry"],"acf":[],"_links":{"self":[{"href":"https:\/\/campingclosduthym.com\/en\/wp-json\/wp\/v2\/pages\/5254","targetHints":{"allow":["GET"]}}],"collection":[{"href":"https:\/\/campingclosduthym.com\/en\/wp-json\/wp\/v2\/pages"}],"about":[{"href":"https:\/\/campingclosduthym.com\/en\/wp-json\/wp\/v2\/types\/page"}],"author":[{"embeddable":true,"href":"https:\/\/campingclosduthym.com\/en\/wp-json\/wp\/v2\/users\/1"}],"replies":[{"embeddable":true,"href":"https:\/\/campingclosduthym.com\/en\/wp-json\/wp\/v2\/comments?post=5254"}],"version-history":[{"count":15,"href":"https:\/\/campingclosduthym.com\/en\/wp-json\/wp\/v2\/pages\/5254\/revisions"}],"predecessor-version":[{"id":5937,"href":"https:\/\/campingclosduthym.com\/en\/wp-json\/wp\/v2\/pages\/5254\/revisions\/5937"}],"wp:featuredmedia":[{"embeddable":true,"href":"https:\/\/campingclosduthym.com\/en\/wp-json\/wp\/v2\/media\/4067"}],"wp:attachment":[{"href":"https:\/\/campingclosduthym.com\/en\/wp-json\/wp\/v2\/media?parent=5254"}],"wp:term":[{"taxonomy":"category","embeddable":true,"href":"https:\/\/campingclosduthym.com\/en\/wp-json\/wp\/v2\/categories?post=5254"},{"taxonomy":"post_tag","embeddable":true,"href":"https:\/\/campingclosduthym.com\/en\/wp-json\/wp\/v2\/tags?post=5254"}],"curies":[{"name":"wp","href":"https:\/\/api.w.org\/{rel}","templated":true}]}}