{"id":5349,"date":"2024-10-15T10:25:44","date_gmt":"2024-10-15T08:25:44","guid":{"rendered":"https:\/\/campingclosduthym.com\/camping-piscine-argeles-sur-mer\/"},"modified":"2025-01-14T12:31:24","modified_gmt":"2025-01-14T11:31:24","slug":"camping-pool-argeles-sur-mer","status":"publish","type":"page","link":"https:\/\/campingclosduthym.com\/en\/camping-pool-argeles-sur-mer\/","title":{"rendered":"Rejuvenate at the campsite swimming pool in Argel\u00e8s-sur-Mer"},"content":{"rendered":"\n<div class=\"wp-block-group alignfull gt-reveal has-global-padding is-layout-constrained wp-container-core-group-is-layout-5 wp-block-group-is-layout-constrained\">\n<div style=\"height:6rem\" aria-hidden=\"true\" class=\"wp-block-spacer\"><\/div>\n\n\n\n<div class=\"wp-block-group alignwide gt-break-mobile gt-reverse-mobile is-nowrap is-layout-flex wp-container-core-group-is-layout-4 wp-block-group-is-layout-flex\">\n<div class=\"wp-block-group has-global-padding is-layout-constrained wp-block-group-is-layout-constrained\">\n<div class=\"wp-block-group is-layout-flow wp-block-group-is-layout-flow\" style=\"padding-right:var(--wp--preset--spacing--30);padding-left:var(--wp--preset--spacing--30)\">\n<div style=\"height:10rem\" aria-hidden=\"true\" class=\"wp-block-spacer gt-hide-mobile\"><\/div>\n\n\n\n<figure class=\"wp-block-image aligncenter size-full gt-reveal-down wp-duotone-174c4f-174c4f-1\"><img data-dominant-color=\"b15526\" data-has-transparency=\"true\" style=\"--dominant-color: #b15526;\" decoding=\"async\" width=\"43\" height=\"21\" src=\"https:\/\/campingclosduthym.com\/wp-content\/uploads\/sites\/5\/2024\/08\/separator.png\" alt=\"separator\" class=\"wp-image-150 has-transparency\"\/><\/figure>\n\n\n<h2 class=\"wp-block-heading has-text-align-center gt-reveal-down has-accent-color has-text-color has-link-color wp-elements-8a404fcfade10a326b55e026ff4d4390\" id=\"take-a-dip-in-the-pool-for-a-relaxing-moment-in-a-green-setting\">Take a dip in the pool for a relaxing moment in a green setting<\/h2>\n\n\n<p class=\"has-text-align-center gt-reveal-down has-medium-font-size\">Discover the Clos du Thym swimming pool in Argel\u00e8s-sur-Mer, an oasis of coolness in the heart of our charming family campsite.<\/p>\n\n\n\n<p class=\"has-text-align-center gt-reveal-down has-medium-font-size\">Surrounded by<strong> lush greenery<\/strong>, this 900 m\u00b2 pool area is the ideal place for relaxation and pleasure, open <strong>from June to September from 10 a.m. to 8 p.m.<\/strong><\/p>\n\n\n\n<p class=\"has-text-align-center gt-reveal-down has-medium-font-size\"><strong>Wearing a leisure wristband<\/strong>: mandatory for access to the pool.<\/p>\n\n\n\n<p class=\"has-text-align-center gt-reveal-down has-medium-font-size\">Swimming shorts are forbidden.<\/p>\n<\/div>\n<\/div>\n\n\n\n<div class=\"wp-block-group wp-container-content-1 is-layout-flow wp-block-group-is-layout-flow\">\n<figure class=\"wp-block-image size-full gt-reveal\"><img data-dominant-color=\"5d787a\" data-has-transparency=\"false\" style=\"--dominant-color: #5d787a;\" decoding=\"async\" width=\"640\" height=\"961\" src=\"https:\/\/campingclosduthym.com\/wp-content\/uploads\/sites\/5\/2024\/11\/plongez-dans-la-piscine-pour-un-moment-detente.webp\" alt=\"dive into the pool for a moment of relaxation\" class=\"wp-image-4728 not-transparent\" srcset=\"https:\/\/campingclosduthym.com\/wp-content\/uploads\/sites\/5\/2024\/11\/plongez-dans-la-piscine-pour-un-moment-detente.webp 640w, https:\/\/campingclosduthym.com\/wp-content\/uploads\/sites\/5\/2024\/11\/plongez-dans-la-piscine-pour-un-moment-detente-200x300.webp 200w\" sizes=\"(max-width: 640px) 100vw, 640px\" \/><\/figure>\n<\/div>\n<\/div>\n<\/div>\n\n<div class=\"wp-block-group alignfull gt-reveal has-global-padding is-layout-constrained wp-container-core-group-is-layout-11 wp-block-group-is-layout-constrained\">\n<div style=\"height:6rem\" aria-hidden=\"true\" class=\"wp-block-spacer\"><\/div>\n\n\n\n<div class=\"wp-block-group alignwide animated fadeIn slower gt-hide-mobile is-layout-flow wp-block-group-is-layout-flow\" style=\"margin-top:0;margin-bottom:-33px;padding-right:0;padding-left:0\">\n<p class=\"gt-sliding-text has-contrast-3-color has-text-color has-link-color has-sogo-font-family wp-elements-3d9a9cccc5ed7f625ea398b92d0e6ea1\" style=\"margin-top:0;margin-right:0;margin-bottom:0;margin-left:0;font-size:7vw;font-style:normal;font-weight:300;line-height:1;text-transform:uppercase\">TODDLERS<\/p>\n<\/div>\n\n\n\n<div class=\"wp-block-group alignwide gt-break-mobile is-nowrap is-layout-flex wp-container-core-group-is-layout-10 wp-block-group-is-layout-flex\">\n<div class=\"wp-block-group wp-container-content-2 is-layout-flow wp-block-group-is-layout-flow\">\n<figure class=\"wp-block-image size-full gt-reveal\"><img data-dominant-color=\"76989f\" data-has-transparency=\"false\" style=\"--dominant-color: #76989f;\" decoding=\"async\" width=\"640\" height=\"960\" src=\"https:\/\/campingclosduthym.com\/wp-content\/uploads\/sites\/5\/2024\/10\/la-pataugeoire-avec-jeux-pour-initier-les-tout-petits-aux-plaisirs-de-l-eau.webp\" alt=\"paddling pool with games to introduce toddlers to the pleasures of water\" class=\"wp-image-4312 not-transparent\" srcset=\"https:\/\/campingclosduthym.com\/wp-content\/uploads\/sites\/5\/2024\/10\/la-pataugeoire-avec-jeux-pour-initier-les-tout-petits-aux-plaisirs-de-l-eau.webp 640w, https:\/\/campingclosduthym.com\/wp-content\/uploads\/sites\/5\/2024\/10\/la-pataugeoire-avec-jeux-pour-initier-les-tout-petits-aux-plaisirs-de-l-eau-200x300.webp 200w\" sizes=\"(max-width: 640px) 100vw, 640px\" \/><\/figure>\n<\/div>\n\n\n\n<div class=\"wp-block-group has-global-padding is-layout-constrained wp-block-group-is-layout-constrained\">\n<div class=\"wp-block-group is-layout-flow wp-block-group-is-layout-flow\" style=\"padding-right:var(--wp--preset--spacing--30);padding-left:var(--wp--preset--spacing--30)\">\n<div style=\"height:10rem\" aria-hidden=\"true\" class=\"wp-block-spacer gt-hide-mobile\"><\/div>\n\n\n\n<figure class=\"wp-block-image aligncenter size-full gt-reveal-down wp-duotone-174c4f-174c4f-2\"><img data-dominant-color=\"b15526\" data-has-transparency=\"true\" style=\"--dominant-color: #b15526;\" decoding=\"async\" width=\"43\" height=\"21\" src=\"https:\/\/campingclosduthym.com\/wp-content\/uploads\/sites\/5\/2024\/08\/separator.png\" alt=\"separator\" class=\"wp-image-150 has-transparency\"\/><\/figure>\n\n\n<h2 class=\"wp-block-heading has-text-align-center gt-reveal-down has-accent-color has-text-color has-link-color wp-elements-15d3028c9011d8facfec8595b8f7e630\" id=\"paddling-pool-with-games-to-introduce-toddlers-to-the-pleasures-of-the-water\">Paddling pool with games to introduce toddlers to the pleasures of the water<\/h2>\n\n\n<p class=\"has-text-align-center gt-reveal-down has-medium-font-size\">Introduce <strong>the little ones<\/strong> to the joys of water in our dedicated <strong>paddling pool<\/strong>, a <strong>safe and fun<\/strong> area.<\/p>\n\n\n\n<p class=\"has-text-align-center gt-reveal-down has-medium-font-size\">It&#8217;s an <strong>aquatic paradise<\/strong> for young children. With an <strong>adapted depth<\/strong>, this <strong>space <\/strong>allows toddlers to enjoy themselves in complete <strong>tranquillity<\/strong>. Parents can relax in the knowledge that their children are playing in a safe environment.  <\/p>\n\n\n\n<p class=\"has-text-align-center gt-reveal-down has-medium-font-size\">Our <strong>mushroom<\/strong> offers a <strong>fun and educational experience<\/strong>.<\/p>\n\n\n\n<p class=\"has-text-align-center gt-reveal-down has-medium-font-size\">This aquatic area is also a <strong> meeting place for families<\/strong>. Children can make new friends and share playtime, while parents can chat and relax nearby. The paddling pool creates a warm and <strong>friendly atmosphere<\/strong>, conducive to sharing and laughter.  <\/p>\n\n\n\n<p class=\"has-text-align-center gt-reveal-down has-medium-font-size\">Wading pool supervised by parents.<\/p>\n\n\n\n<div style=\"height:2rem\" aria-hidden=\"true\" class=\"wp-block-spacer is-style-gt-hide-mobile\"><\/div>\n<\/div>\n<\/div>\n<\/div>\n<\/div>\n\n<div class=\"wp-block-group alignfull gt-reveal is-nowrap is-layout-flex wp-container-core-group-is-layout-14 wp-block-group-is-layout-flex\">\n<div class=\"wp-block-cover gt-hide-mobile wp-container-content-3\" style=\"min-height:100vh;aspect-ratio:unset;\"><span aria-hidden=\"true\" class=\"wp-block-cover__background has-background-dim-10 has-background-dim\"><\/span><img data-dominant-color=\"3299bb\" data-has-transparency=\"false\" style=\"--dominant-color: #3299bb;\" decoding=\"async\" width=\"381\" height=\"1150\" class=\"wp-block-cover__image-background wp-image-4731 not-transparent\" alt=\"se ressourcer\" src=\"https:\/\/campingclosduthym.com\/wp-content\/uploads\/sites\/5\/2024\/11\/se-ressourcer.webp\" data-object-fit=\"cover\" srcset=\"https:\/\/campingclosduthym.com\/wp-content\/uploads\/sites\/5\/2024\/11\/se-ressourcer.webp 381w, https:\/\/campingclosduthym.com\/wp-content\/uploads\/sites\/5\/2024\/11\/se-ressourcer-99x300.webp 99w, https:\/\/campingclosduthym.com\/wp-content\/uploads\/sites\/5\/2024\/11\/se-ressourcer-339x1024.webp 339w\" sizes=\"(max-width: 381px) 100vw, 381px\" \/><div class=\"wp-block-cover__inner-container has-global-padding is-layout-constrained wp-block-cover-is-layout-constrained\">\n<p class=\"has-text-align-center has-large-font-size\"><\/p>\n<\/div><\/div>\n\n\n\n<div class=\"wp-block-cover has-custom-content-position is-position-top-center wp-container-content-4\" style=\"padding-top:0;padding-bottom:0;min-height:100vh;aspect-ratio:unset;\"><span aria-hidden=\"true\" class=\"wp-block-cover__background has-background-dim-30 has-background-dim\"><\/span><img data-dominant-color=\"bda9a4\" data-has-transparency=\"false\" style=\"--dominant-color: #bda9a4;\" decoding=\"async\" width=\"1514\" height=\"1150\" class=\"wp-block-cover__image-background wp-image-4317 not-transparent\" alt=\"farniente sur nos transats sous le soleil de mediterranee\" src=\"https:\/\/campingclosduthym.com\/wp-content\/uploads\/sites\/5\/2024\/10\/farniente-sur-nos-transats-sous-le-soleil-de-mediterranee.webp\" data-object-fit=\"cover\" srcset=\"https:\/\/campingclosduthym.com\/wp-content\/uploads\/sites\/5\/2024\/10\/farniente-sur-nos-transats-sous-le-soleil-de-mediterranee.webp 1514w, https:\/\/campingclosduthym.com\/wp-content\/uploads\/sites\/5\/2024\/10\/farniente-sur-nos-transats-sous-le-soleil-de-mediterranee-300x228.webp 300w, https:\/\/campingclosduthym.com\/wp-content\/uploads\/sites\/5\/2024\/10\/farniente-sur-nos-transats-sous-le-soleil-de-mediterranee-1024x778.webp 1024w, https:\/\/campingclosduthym.com\/wp-content\/uploads\/sites\/5\/2024\/10\/farniente-sur-nos-transats-sous-le-soleil-de-mediterranee-768x583.webp 768w\" sizes=\"(max-width: 1514px) 100vw, 1514px\" \/><div class=\"wp-block-cover__inner-container has-global-padding is-layout-constrained wp-block-cover-is-layout-constrained\">\n<div class=\"wp-block-group gt-reveal-down has-global-padding is-layout-constrained wp-container-core-group-is-layout-13 wp-block-group-is-layout-constrained\">\n<div class=\"wp-block-group has-contrast-3-background-color has-background is-layout-flow wp-block-group-is-layout-flow\" style=\"min-height:12rem\"><\/div>\n<\/div>\n\n\n\n<figure class=\"wp-block-image aligncenter size-full gt-reveal-down wp-duotone-e5e0ce-ffffff-3\"><img data-dominant-color=\"b15526\" data-has-transparency=\"true\" style=\"--dominant-color: #b15526;\" decoding=\"async\" width=\"43\" height=\"21\" src=\"https:\/\/campingclosduthym.com\/wp-content\/uploads\/sites\/5\/2024\/08\/separator.png\" alt=\"separator\" class=\"wp-image-150 has-transparency\"\/><\/figure>\n\n\n\n<div style=\"height:1rem\" aria-hidden=\"true\" class=\"wp-block-spacer\"><\/div>\n\n\n<h2 class=\"wp-block-heading has-text-align-center has-base-color has-text-color has-link-color has-large-font-size wp-elements-bbb73858a25eb3dd764250b9574deadf\" id=\"relaxing-on-our-deckchairs-under-the-mediterranean-sun\">Relaxing on our deckchairs under the Mediterranean sun<\/h2>\n\n\n<p class=\"has-text-align-center has-base-color has-text-color has-link-color has-medium-font-size wp-elements-9f19226902932df46ca8cebeb196b664\">Our swimming pool is the perfect place to relax and enjoy the Mediterranean sunshine. Our <strong>comfortable deckchairs<\/strong> invite you to enjoy moments of pure relaxation, surrounded by the natural beauty of the region. <\/p>\n\n\n\n<p class=\"has-text-align-center has-base-color has-text-color has-link-color has-medium-font-size wp-elements-9c1dc8d79634e268b4bc27ca34773039\"><strong>Make yourself<\/strong>comfortable on our deckchairs and let the gentle sound of the water lull you to sleep. The Mediterranean sun provides pleasant warmth, ideal for <strong>sunbathing and relaxing<\/strong>. Whether you prefer to read a book or simply close your eyes, our deckchairs are the perfect place to <strong>relax<\/strong>.  <\/p>\n\n\n\n<p class=\"has-text-align-center has-base-color has-text-color has-link-color has-medium-font-size wp-elements-87490657bbea7d2154f9bb41088b9599\">Our deckchairs let you enjoy the pool while you relax. Let yourself be seduced by the picturesque setting of the <a href=\"\">Clos du Thym campsite in Argel\u00e8s-sur-Mer<\/a>, where nature and comfort meet to create an unforgettable vacation experience. <\/p>\n\n\n\n<p class=\"has-text-align-center has-base-color has-text-color has-link-color has-medium-font-size wp-elements-97558017281257fbde78c76f203998be\"><strong> Lounging<\/strong> on our deckchairs is also an excellent opportunity to share family moments. While the kids play in the pool or take part in the campsite activities, parents can relax and enjoy their free time. It&#8217;s the perfect place to get together and make memories.  <\/p>\n\n\n\n<div style=\"height:var(--wp--preset--spacing--40)\" aria-hidden=\"true\" class=\"wp-block-spacer\"><\/div>\n<\/div><\/div>\n<\/div>\n\n<div class=\"wp-block-group alignfull gt-break-mobile is-content-justification-right is-nowrap is-layout-flex wp-container-core-group-is-layout-20 wp-block-group-is-layout-flex\" id=\"banquette-balneo\">\n<div class=\"wp-block-group alignwide gt-absolute-text gt-hide-mobile wp-container-content-5 is-horizontal is-content-justification-right is-nowrap is-layout-flex wp-container-core-group-is-layout-15 wp-block-group-is-layout-flex\" style=\"margin-top:0;padding-right:0;padding-left:0\">\n<p class=\"gt-sliding-text-y has-contrast-3-color has-text-color has-link-color has-sogo-font-family wp-elements-30821f610d898c8d28c75bf38534419e\" style=\"margin-top:0;margin-right:0;margin-bottom:0;margin-left:0;font-size:7vw;font-style:normal;font-weight:300;line-height:1;text-transform:uppercase\">Relaxation<\/p>\n<\/div>\n\n\n\n<div class=\"wp-block-group has-accent-2-background-color has-background wp-container-content-6 has-global-padding is-content-justification-center is-layout-constrained wp-block-group-is-layout-constrained\">\n<div class=\"wp-block-group alignwide is-layout-flow wp-block-group-is-layout-flow\" style=\"padding-top:0;padding-right:var(--wp--preset--spacing--60);padding-bottom:var(--wp--preset--spacing--30);padding-left:var(--wp--preset--spacing--60)\">\n<div class=\"wp-block-group gt-reveal-down has-global-padding is-layout-constrained wp-container-core-group-is-layout-17 wp-block-group-is-layout-constrained\" style=\"margin-top:-3rem\">\n<div class=\"wp-block-group has-contrast-3-background-color has-background is-layout-flow wp-block-group-is-layout-flow\" style=\"min-height:6rem\"><\/div>\n<\/div>\n\n\n\n<figure class=\"wp-block-image aligncenter size-full gt-reveal-down wp-duotone-174c4f-174c4f-4\"><img data-dominant-color=\"b15526\" data-has-transparency=\"true\" style=\"--dominant-color: #b15526;\" decoding=\"async\" width=\"43\" height=\"21\" src=\"https:\/\/campingclosduthym.com\/wp-content\/uploads\/sites\/5\/2024\/08\/separator.png\" alt=\"separator\" class=\"wp-image-150 has-transparency\"\/><\/figure>\n\n\n<h2 class=\"wp-block-heading has-text-align-center gt-reveal-down has-accent-color has-text-color has-link-color wp-elements-fa1c844e678ef55d5ec2585b8ca52f8b\" id=\"a-relaxing-moment-on-the-banquette-balneo\">A relaxing moment on the banquette balneo<\/h2>\n\n\n<p class=\"has-text-align-center gt-reveal-down has-medium-font-size\">After a day <a href=\"https:\/\/campingclosduthym.com\/en\/tourism-pyrenees-orientales\/\">exploring the wonders of our magnificent d\u00e9partement<\/a>, or after an intense sporting activity, there&#8217;s nothing like a moment of <strong>relaxation on the balneotherapy bench<\/strong> of our swimming pool at the Clos du Thym campsite in Argel\u00e8s-sur-Mer.<\/p>\n\n\n\n<p class=\"has-text-align-center gt-reveal-down has-medium-font-size\">The whirlpool bench in our pool is designed for <strong>optimum relaxation<\/strong>. Thanks to the <strong>massaging water jets<\/strong>, you can relax and <strong>release any tension<\/strong> accumulated. It&#8217;s the ideal place to <strong>recharge your batteries<\/strong> after a busy day.  <\/p>\n\n\n\n<p class=\"has-text-align-center gt-reveal-down has-medium-font-size\">Balneotherapy is renowned for its many <strong>benefits for body and mind<\/strong>. Massaging water jets stimulate <strong>blood circulation<\/strong>, relieve muscle pain and promote <strong>deep relaxation<\/strong>. Enjoy these benefits while admiring the picturesque setting of the campsite.  <\/p>\n\n\n\n<p class=\"has-text-align-center gt-reveal-down has-medium-font-size\">Relax and let the massaging water jets and soothing bubbles soothe your tired muscles and give you a soothing aquatic experience.<\/p>\n<\/div>\n\n\n\n<div style=\"height:6rem;width:0px\" aria-hidden=\"true\" class=\"wp-block-spacer\"><\/div>\n<\/div>\n<\/div>\n\n<div class=\"wp-block-group alignfull has-global-padding is-layout-constrained wp-block-group-is-layout-constrained\" id=\"chalet-bien-etre\">\n<div style=\"height:6rem\" aria-hidden=\"true\" class=\"wp-block-spacer\"><\/div>\n\n\n\n<div class=\"wp-block-group alignfull gt-reveal gt-break-mobile gt-reverse-mobile is-content-justification-center is-nowrap is-layout-flex wp-container-core-group-is-layout-26 wp-block-group-is-layout-flex\">\n<div class=\"wp-block-group is-nowrap is-layout-flex wp-container-core-group-is-layout-25 wp-block-group-is-layout-flex\" style=\"padding-right:var(--wp--preset--spacing--20);padding-left:var(--wp--preset--spacing--20)\">\n<div class=\"wp-block-group has-global-padding is-layout-constrained wp-block-group-is-layout-constrained\">\n<div class=\"wp-block-group animated fadeInDown slow gt-reveal-down has-global-padding is-layout-constrained wp-container-core-group-is-layout-22 wp-block-group-is-layout-constrained\">\n<div class=\"wp-block-group gt-reveal-down has-contrast-3-background-color has-background is-layout-flow wp-block-group-is-layout-flow\" style=\"min-height:30rem\"><\/div>\n<\/div>\n\n\n\n<figure class=\"wp-block-image aligncenter size-full gt-reveal-down wp-duotone-e5e0ce-ffffff-5\"><img data-dominant-color=\"b15526\" data-has-transparency=\"true\" style=\"--dominant-color: #b15526;\" decoding=\"async\" width=\"43\" height=\"21\" src=\"https:\/\/campingclosduthym.com\/wp-content\/uploads\/sites\/5\/2024\/08\/separator.png\" alt=\"separator\" class=\"wp-image-150 has-transparency\"\/><\/figure>\n<\/div>\n\n\n\n<div class=\"wp-block-group has-global-padding is-layout-constrained wp-block-group-is-layout-constrained\"><h2 class=\"wp-block-heading has-accent-color has-text-color has-link-color wp-elements-34ea76e8c93612c6ed7ab1f1930ef83e\" id=\"your-bubble-of-happiness-massages-and-hairdressing-at-the-chalet-du-bien-etre\">Your bubble of happiness: massages and hairdressing at the Chalet du bien-\u00eatre*.<\/h2>\n\n\n<p class=\"has-medium-font-size\">*These services are also available at the <a href=\"https:\/\/camping-del-mar.com\/en\/campsite-wellness-argeles-sur-mer\/\">Chalet bien-\u00eatre on the Del Mar campsite<\/a> for massages.<\/p>\n\n\n\n<p class=\"has-medium-font-size\">Welcome to Camping Del Mar&#8217;s<strong>wellness area<\/strong>, where <strong>relaxation<\/strong> and well-being take center stage!<\/p>\n\n\n\n<p class=\"has-medium-font-size\">The Chalet bien-\u00eatre opens its doors to you <strong>from mid-June to mid-September<\/strong> for unforgettable moments of relaxation.<\/p>\n<\/div>\n<\/div>\n\n\n\n<figure class=\"wp-block-image size-full\"><img data-dominant-color=\"5f5f5f\" data-has-transparency=\"false\" style=\"--dominant-color: #5f5f5f;\" decoding=\"async\" width=\"1108\" height=\"738\" src=\"https:\/\/campingclosduthym.com\/wp-content\/uploads\/sites\/5\/2024\/11\/bulle-de-bonheur-massages-soins-esthetiques-et-coiffure-au-chalet-du-bien-etre.webp\" alt=\"bubble of happiness massages beauty treatments and hairdressing at the chalet du bien etre\" class=\"wp-image-4735 not-transparent\" srcset=\"https:\/\/campingclosduthym.com\/wp-content\/uploads\/sites\/5\/2024\/11\/bulle-de-bonheur-massages-soins-esthetiques-et-coiffure-au-chalet-du-bien-etre.webp 1108w, https:\/\/campingclosduthym.com\/wp-content\/uploads\/sites\/5\/2024\/11\/bulle-de-bonheur-massages-soins-esthetiques-et-coiffure-au-chalet-du-bien-etre-300x200.webp 300w, https:\/\/campingclosduthym.com\/wp-content\/uploads\/sites\/5\/2024\/11\/bulle-de-bonheur-massages-soins-esthetiques-et-coiffure-au-chalet-du-bien-etre-1024x682.webp 1024w, https:\/\/campingclosduthym.com\/wp-content\/uploads\/sites\/5\/2024\/11\/bulle-de-bonheur-massages-soins-esthetiques-et-coiffure-au-chalet-du-bien-etre-768x512.webp 768w\" sizes=\"(max-width: 1108px) 100vw, 1108px\" \/><\/figure>\n<\/div>\n\n\n\n<div style=\"height:6rem\" aria-hidden=\"true\" class=\"wp-block-spacer\"><\/div>\n<\/div>\n\n<div class=\"wp-block-group alignfull is-layout-flow wp-block-group-is-layout-flow\" style=\"padding-bottom:0\">\n<div class=\"wp-block-group alignwide animated fadeIn slower is-layout-flow wp-block-group-is-layout-flow\" style=\"margin-top:0;margin-bottom:-33px;padding-right:0;padding-left:0\">\n<p class=\"gt-sliding-text has-contrast-3-color has-text-color has-link-color has-sogo-font-family wp-elements-055dedaa180c6391e3df9be02b178382\" style=\"margin-top:0;margin-right:0;margin-bottom:0;margin-left:0;font-size:7vw;font-style:normal;font-weight:300;line-height:1;text-transform:uppercase\">DISCOVER<\/p>\n<\/div>\n\n\n\n<div class=\"wp-block-group gt-break-mobile is-layout-grid wp-container-core-group-is-layout-29 wp-block-group-is-layout-grid\" style=\"border-radius:2rem\">\n<div\n\tstyle=\"border-radius:0rem;\" class=\"gt-maillage-6 wp-block-gt-gt-fse-maillage\"\tdata-wp-interactive=\"gt\/maillage\"\n\tdata-wp-on--click=\"actions.ctaLoad\"\n\tdata-wp-context='{\"radius\":\"0rem\",\"hover_bg_color\":\"#132f44\",\"hover_text_color\":\"#ffffff\",\"hover_image_opacity\":0.5}'>\t\n\n\t\n\t\t\t\t\t\t\t\t\t<div \n\t\t\t\tclass=\"gt-fse-maillage-link gt-fse-maillage-image-zoom gt-fse-maillage-hover-background-color gt-fse-maillage-hover-text-color\"\n\t\t\t\tstyle=\"border-radius: 0rem\"\n\t\t\t\tdata-wp-on-async--mouseover=\"actions.mouseover\"\n\t\t\t>\n\t\t\t\t\t\t\t\t\t\t\t\t\t\t\t\t\t\t<\/div>\n\t\t\t\t\t\t\t\t\t\t\t<div \n\t\t\t\tclass=\"gt-fse-maillage-link gt-fse-maillage-image-zoom gt-fse-maillage-hover-background-color gt-fse-maillage-hover-text-color\"\n\t\t\t\tstyle=\"border-radius: 0rem\"\n\t\t\t\tdata-wp-on-async--mouseover=\"actions.mouseover\"\n\t\t\t>\n\t\t\t\t\t\t\t\t\t\t\t\t\t\t\t\t\t\t<\/div>\n\t\t\t\t\t\t\t\t\t\t\t<div \n\t\t\t\tclass=\"gt-fse-maillage-link gt-fse-maillage-image-zoom gt-fse-maillage-hover-background-color gt-fse-maillage-hover-text-color\"\n\t\t\t\tstyle=\"border-radius: 0rem\"\n\t\t\t\tdata-wp-on-async--mouseover=\"actions.mouseover\"\n\t\t\t>\n\t\t\t\t\t\t\t\t\t\t\t\t\t\t\t\t\t\t<\/div>\n\t\t\t\t\t\t\t\t<\/div><\/div>\n\n\n\n<div style=\"height:6rem\" aria-hidden=\"true\" class=\"wp-block-spacer\"><\/div>\n<\/div>\n","protected":false},"excerpt":{"rendered":"<p>Take a dip in the pool for a relaxing moment in a green setting Discover the Clos du Thym swimming pool in Argel\u00e8s-sur-Mer, an oasis of coolness in the heart of our charming family campsite. Surrounded by lush greenery, this 900 m\u00b2 pool area is the ideal place for relaxation and pleasure, open from June [&hellip;]<\/p>\n","protected":false},"author":1,"featured_media":4077,"parent":0,"menu_order":0,"comment_status":"closed","ping_status":"closed","template":"","meta":{"_acf_changed":false,"_seopress_robots_primary_cat":"","_seopress_titles_title":"Campsite with swimming pool in Argel\u00e8s-sur-Mer, Pyr\u00e9n\u00e9es-Orientales, France","_seopress_titles_desc":"Rejuvenate in the heart of nature at the Argel\u00e8s-sur-Mer campsite swimming pool with balneotherapy and enjoy massages and treatments in the wellness area.","_seopress_robots_index":"","_gt_ctv_global_id":"","_gt_ctv_id_group":false,"inline_featured_image":false,"gt_fse_maillage_image":"https:\/\/campingclosduthym.com\/wp-content\/uploads\/sites\/5\/2024\/10\/le-clos-du-thym-camping-piscine-argeles-sur-mer.webp","gt_fse_maillage_titre":"Rejuvenate at the campsite swimming pool in Argel\u00e8s-sur-Mer","gt_fse_maillage_resume":"","_gt_maillage_image":0,"_gt_maillage_video":0,"_gt_maillage_title":"","footnotes":""},"categories":[],"tags":[],"class_list":["post-5349","page","type-page","status-publish","has-post-thumbnail","hentry"],"acf":[],"_links":{"self":[{"href":"https:\/\/campingclosduthym.com\/en\/wp-json\/wp\/v2\/pages\/5349","targetHints":{"allow":["GET"]}}],"collection":[{"href":"https:\/\/campingclosduthym.com\/en\/wp-json\/wp\/v2\/pages"}],"about":[{"href":"https:\/\/campingclosduthym.com\/en\/wp-json\/wp\/v2\/types\/page"}],"author":[{"embeddable":true,"href":"https:\/\/campingclosduthym.com\/en\/wp-json\/wp\/v2\/users\/1"}],"replies":[{"embeddable":true,"href":"https:\/\/campingclosduthym.com\/en\/wp-json\/wp\/v2\/comments?post=5349"}],"version-history":[{"count":7,"href":"https:\/\/campingclosduthym.com\/en\/wp-json\/wp\/v2\/pages\/5349\/revisions"}],"predecessor-version":[{"id":5906,"href":"https:\/\/campingclosduthym.com\/en\/wp-json\/wp\/v2\/pages\/5349\/revisions\/5906"}],"wp:featuredmedia":[{"embeddable":true,"href":"https:\/\/campingclosduthym.com\/en\/wp-json\/wp\/v2\/media\/4077"}],"wp:attachment":[{"href":"https:\/\/campingclosduthym.com\/en\/wp-json\/wp\/v2\/media?parent=5349"}],"wp:term":[{"taxonomy":"category","embeddable":true,"href":"https:\/\/campingclosduthym.com\/en\/wp-json\/wp\/v2\/categories?post=5349"},{"taxonomy":"post_tag","embeddable":true,"href":"https:\/\/campingclosduthym.com\/en\/wp-json\/wp\/v2\/tags?post=5349"}],"curies":[{"name":"wp","href":"https:\/\/api.w.org\/{rel}","templated":true}]}}