{"id":5237,"date":"2024-10-15T10:29:38","date_gmt":"2024-10-15T08:29:38","guid":{"rendered":"https:\/\/campingclosduthym.com\/camping-pas-cher-argeles-sur-mer-2\/"},"modified":"2025-01-14T13:36:20","modified_gmt":"2025-01-14T12:36:20","slug":"goedkoop-kamperen-argeles-sur-mer","status":"publish","type":"page","link":"https:\/\/campingclosduthym.com\/nl\/goedkoop-kamperen-argeles-sur-mer\/","title":{"rendered":"Verblijf op een camping aan de beste prijs in Argel\u00e8s-sur-Mer"},"content":{"rendered":"\n<div class=\"wp-block-group alignfull gt-reveal has-global-padding is-layout-constrained wp-container-core-group-is-layout-5 wp-block-group-is-layout-constrained\">\n<div style=\"height:6rem\" aria-hidden=\"true\" class=\"wp-block-spacer gt-hide-mobile\"><\/div>\n\n\n\n<div class=\"wp-block-group alignwide gt-break-mobile gt-reverse-mobile is-nowrap is-layout-flex wp-container-core-group-is-layout-4 wp-block-group-is-layout-flex\">\n<div class=\"wp-block-group has-global-padding is-layout-constrained wp-block-group-is-layout-constrained\">\n<div class=\"wp-block-group is-layout-flow wp-block-group-is-layout-flow\" style=\"padding-right:var(--wp--preset--spacing--30);padding-left:var(--wp--preset--spacing--30)\">\n<div style=\"height:10rem\" aria-hidden=\"true\" class=\"wp-block-spacer gt-hide-mobile\"><\/div>\n\n\n\n<figure class=\"wp-block-image aligncenter size-full gt-reveal-down wp-duotone-174c4f-174c4f-1\"><img data-dominant-color=\"b15526\" data-has-transparency=\"true\" style=\"--dominant-color: #b15526;\" decoding=\"async\" width=\"43\" height=\"21\" src=\"https:\/\/campingclosduthym.com\/wp-content\/uploads\/sites\/5\/2024\/08\/separator.png\" alt=\"scheider\" class=\"wp-image-150 has-transparency\"\/><\/figure>\n\n\n<h2 class=\"wp-block-heading has-text-align-center gt-reveal-down has-accent-color has-text-color has-link-color wp-elements-e51a638e79817352230a83d984d2854c\" id=\"geniet-van-een-betaalbare-accommodatie-in-de-pyrenees-orientales\">Geniet van een betaalbare accommodatie in de Pyr\u00e9n\u00e9es-Orientales<\/h2>\n\n\n<p class=\"has-text-align-center gt-reveal-down has-medium-font-size\">Op zoek naar <strong>een betaalbare accommodatie<\/strong> voor je vakantie in de Pyr\u00e9n\u00e9es-Orientales? <a href=\"\">Camping Clos du Thym in Argel\u00e8s-sur-Mer<\/a> is de ideale plek om een vakantie door te brengen met familie of vrienden zonder de bank te breken. Onze camping ligt op slechts <strong>2,5 km van de Middellandse Zee<\/strong> en op 500 meter van het dorp en biedt je een <strong>natuurlijke en gezellige omgeving<\/strong> voor een onvergetelijk verblijf.  <\/p>\n\n\n\n<p class=\"has-text-align-center gt-reveal-down has-medium-font-size\"><br\/>A<strong>ccommodatie voor elk budget<\/strong> Op camping Le Clos du Thym bieden we een ruime keuze aan accommodaties tegen<strong>concurrerende prijzen<\/strong> om aan al je wensen te voldoen. Onze <a href=\"https:\/\/campingclosduthym.com\/nl\/verhuur-stacaravan-argeles-sur-mer\/\">stacaravans te huur in Argel\u00e8s-sur-Mer<\/a> zijn uitgerust met <strong>alles wat je nodig hebt voor een aangenaam verblijf<\/strong>, waaronder een volledig uitgeruste keuken, een eigen badkamer en een schaduwrijk terras. <\/p>\n\n\n    <div id=\"gt-fse-lire-plus-69f0c64156992\" class=\"gt-fse-lire-plus\" data-min-height=\"130\" style=\"background-color: #fff;\">\n        <input id=\"gt-fse-lire-plus-69f0c64156992-toggle\" type=\"checkbox\" class=\"gt-fse-lire-plus__toggle\" \/>\n        <label for=\"gt-fse-lire-plus-69f0c64156992-toggle\" class=\"gt-fse-lire-plus__toggle-label\">\n            <span>Meer lezen<\/span>\n            <span>Minder lezen<\/span>\n        <\/label>\n        <div class=\"gt-fse-lire-plus__content\" style=\"height: 130px;\">\n            \n\n<p class=\"has-text-align-center gt-reveal-down has-medium-font-size\"><br\/>F<strong>aciliteiten en diensten van hoge kwaliteit<\/strong> Profiteer van onze<strong>faciliteiten ter plaatse<\/strong>, zoals ons zwembad met spa, speeltuin voor de kinderen en jeu de boulesbaan. We bieden ook <strong>entertainment in juli en augustus<\/strong> om jong en oud te vermaken. Voor je gemak hebben we een <strong>verfrissingsbar<\/strong>, <strong>snackbar<\/strong> en <strong>gratis draadloos internet<\/strong>.  <\/p>\n\n\n\n<p class=\"has-text-align-center gt-reveal-down has-medium-font-size\"><br\/>E<strong>en ideale locatie om de Pyrenee\u00ebn te verkennen<\/strong> Camping Clos du Thym is<strong>ideaal gelegen<\/strong> om <a href=\"https:\/\/campingclosduthym.com\/nl\/ontdek-de-pyrenees-orientales\/\">de wonderen van de Pyrenee\u00ebn te ontdekken<\/a>. Ontdek de zandstranden, pittoreske dorpjes en wandelpaden in de buurt. Bezoek zeker <strong>Collioure<\/strong>, <strong>Perpignan<\/strong> en de vele natuurgebieden in de regio.  <\/p>\n\n            <div class=\"gt-fse-lire-plus__gradient\" style=\"background: linear-gradient(to bottom,rgba(255,255,255,0) 0%,rgba(255,255,255,1) 100%);\"><\/div>\n        <\/div>\n    <\/div>\n    <\/div>\n<\/div>\n\n\n\n<div class=\"wp-block-group wp-container-content-1 is-layout-flow wp-block-group-is-layout-flow\">\n<figure class=\"wp-block-image size-full gt-reveal\"><img data-dominant-color=\"c2a278\" data-has-transparency=\"false\" style=\"--dominant-color: #c2a278;\" decoding=\"async\" width=\"640\" height=\"961\" src=\"https:\/\/campingclosduthym.com\/wp-content\/uploads\/sites\/5\/2024\/10\/profitez-d-un-hebergement-a-bas-prix-dans-les-pyrenees-orientales.webp\" alt=\"profiteer van voordelige accommodatie in de oostelijke pyrenee&#xEB;n\" class=\"wp-image-4267 not-transparent\" srcset=\"https:\/\/campingclosduthym.com\/wp-content\/uploads\/sites\/5\/2024\/10\/profitez-d-un-hebergement-a-bas-prix-dans-les-pyrenees-orientales.webp 640w, https:\/\/campingclosduthym.com\/wp-content\/uploads\/sites\/5\/2024\/10\/profitez-d-un-hebergement-a-bas-prix-dans-les-pyrenees-orientales-200x300.webp 200w\" sizes=\"(max-width: 640px) 100vw, 640px\" \/><\/figure>\n<\/div>\n<\/div>\n\n\n\n<div style=\"height:6rem\" aria-hidden=\"true\" class=\"wp-block-spacer gt-hide-mobile\"><\/div>\n<\/div>\n\n<div \n\tclass=\"wp-block-gt-gt-fse-widgets-ctv\"\tdata-wp-interactive=\"gt\/ctv\/widgets\"\t\n>\n\n                        <ctv-availability data-background-color=\"#FFFFFFFF\" ><\/ctv-availability>\n\n            \n<\/div>\n<div class=\"wp-block-group alignfull gt-reveal has-global-padding is-layout-constrained wp-container-core-group-is-layout-11 wp-block-group-is-layout-constrained\">\n<div class=\"wp-block-group alignwide animated fadeIn slower gt-hide-mobile is-layout-flow wp-block-group-is-layout-flow\" style=\"margin-top:0;margin-bottom:-33px;padding-right:0;padding-left:0\">\n<p class=\"gt-sliding-text has-contrast-3-color has-text-color has-link-color has-sogo-font-family wp-elements-c66e3513ec2e999eeb5ab47a24bc70b7\" style=\"margin-top:0;margin-right:0;margin-bottom:0;margin-left:0;font-size:7vw;font-style:normal;font-weight:300;line-height:1;text-transform:uppercase\">ONZE PROMOTIES<\/p>\n<\/div>\n\n\n\n<div class=\"wp-block-group alignwide gt-break-mobile is-nowrap is-layout-flex wp-container-core-group-is-layout-10 wp-block-group-is-layout-flex\">\n<div class=\"wp-block-group wp-container-content-2 is-layout-flow wp-block-group-is-layout-flow\">\n<figure class=\"wp-block-image size-full gt-reveal\"><img data-dominant-color=\"7e9288\" data-has-transparency=\"false\" style=\"--dominant-color: #7e9288;\" decoding=\"async\" width=\"640\" height=\"960\" src=\"https:\/\/campingclosduthym.com\/wp-content\/uploads\/sites\/5\/2024\/11\/promotions-du-camping.webp\" alt=\"camping promoties\" class=\"wp-image-4742 not-transparent\" srcset=\"https:\/\/campingclosduthym.com\/wp-content\/uploads\/sites\/5\/2024\/11\/promotions-du-camping.webp 640w, https:\/\/campingclosduthym.com\/wp-content\/uploads\/sites\/5\/2024\/11\/promotions-du-camping-200x300.webp 200w\" sizes=\"(max-width: 640px) 100vw, 640px\" \/><\/figure>\n<\/div>\n\n\n\n<div class=\"wp-block-group has-global-padding is-layout-constrained wp-block-group-is-layout-constrained\">\n<div class=\"wp-block-group is-layout-flow wp-block-group-is-layout-flow\" style=\"padding-right:var(--wp--preset--spacing--30);padding-left:var(--wp--preset--spacing--30)\">\n<div style=\"height:10rem\" aria-hidden=\"true\" class=\"wp-block-spacer gt-hide-mobile\"><\/div>\n\n\n\n<figure class=\"wp-block-image aligncenter size-full gt-reveal-down wp-duotone-174c4f-174c4f-2\"><img data-dominant-color=\"b15526\" data-has-transparency=\"true\" style=\"--dominant-color: #b15526;\" decoding=\"async\" width=\"43\" height=\"21\" src=\"https:\/\/campingclosduthym.com\/wp-content\/uploads\/sites\/5\/2024\/08\/separator.png\" alt=\"scheider\" class=\"wp-image-150 has-transparency\"\/><\/figure>\n\n\n<h2 class=\"wp-block-heading has-text-align-center gt-reveal-down has-accent-color has-text-color has-link-color wp-elements-4fb697846b9534c52b65640b44404795\" id=\"ontdek-de-aanbiedingen-van-de-camping\">Ontdek de aanbiedingen van de camping<\/h2>\n\n\n<p class=\"has-text-align-center gt-reveal-down has-medium-font-size\"><br\/>O<strong>ntdek de onverslaanbare aanbiedingen op onze camping<\/strong> Ontdek onze<strong>uitzonderlijke promoties<\/strong> en profiteer van<strong>exclusieve aanbiedingen<\/strong> voor een onvergetelijke vakantie.<\/p>\n\n\n\n<p class=\"has-text-align-center gt-reveal-down has-medium-font-size\">Word lid van ons <strong>loyaliteitsprogramma en als je vorig jaar bent geweest krijg je 5% korting en als je twee jaar achter elkaar bent geweest krijg je 10% korting<\/strong>. <strong>Verwijs een vriend(in) door <\/strong>en ontvang een extra korting die je op je volgende vakantie kunt gebruiken. Boek meerdere weken achter elkaar en profiteer van een <strong>uitzonderlijke korting<\/strong> op je verblijf. <\/p>\n\n\n\n<p class=\"has-text-align-center gt-reveal-down has-medium-font-size\">Deze unieke aanbiedingen garanderen je een <strong>voordelige en onvergetelijke vakantie<\/strong>. Mis het niet! Boek nu en beleef onvergetelijke momenten midden in de natuur op onze gezellige en gastvrije camping.  <\/p>\n\n\n\n<div class=\"wp-block-buttons is-content-justification-center is-layout-flex wp-container-core-buttons-is-layout-1 wp-block-buttons-is-layout-flex\">\n<div class=\"wp-block-button has-custom-font-size is-style-gt-contour-small has-sogo-font-family has-large-font-size\" style=\"font-style:normal;font-weight:300\"><a class=\"wp-block-button__link has-accent-color has-text-color has-link-color wp-element-button\" href=\"https:\/\/campingclosduthym.com\/wp-content\/uploads\/sites\/5\/2024\/12\/offre-fidelite-clos-1.png\" target=\"_blank\" rel=\"noreferrer noopener\">Onze promoties<\/a><\/div>\n<\/div>\n<\/div>\n<\/div>\n<\/div>\n<\/div>\n\n<div style=\"height:6rem\" aria-hidden=\"true\" class=\"wp-block-spacer gt-hide-mobile\"><\/div>\n\n<div \n\tclass=\"wp-block-gt-gt-fse-widgets-ctv\"\tdata-wp-interactive=\"gt\/ctv\/widgets\"\t\n>\n\n            <ctv-offers data-display-mode=\"carousel\" ><\/ctv-offers>\n\n    \n<\/div>\n<div class=\"wp-block-group alignfull has-global-padding is-layout-constrained wp-block-group-is-layout-constrained\">\n<div class=\"wp-block-group alignfull gt-reveal gt-break-mobile gt-reverse-mobile is-content-justification-center is-nowrap is-layout-flex wp-container-core-group-is-layout-14 wp-block-group-is-layout-flex\">\n<div class=\"wp-block-group is-nowrap is-layout-flex wp-container-core-group-is-layout-13 wp-block-group-is-layout-flex\" style=\"padding-right:var(--wp--preset--spacing--20);padding-left:var(--wp--preset--spacing--20)\">\n<div class=\"wp-block-group has-global-padding is-layout-constrained wp-block-group-is-layout-constrained\"><h2 class=\"wp-block-heading has-accent-color has-text-color has-link-color wp-elements-e0cb45bc3162d0bed44f10a41c50fde7\" id=\"boek-direct-om-te-profiteren-van-de-beste-tarieven\">Boek direct om te profiteren van de beste tarieven<\/h2>\n\n\n<p class=\"has-medium-font-size\">Boek <strong>direct op onze website of telefonisch<\/strong> om te profiteren van de <strong>beste tarieven<\/strong> en<strong>exclusieve voordelen<\/strong>.<\/p>\n\n\n\n<p class=\"has-medium-font-size\">Door te kiezen voor direct boeken, krijg je toegang tot <strong>aantrekkelijke aanbiedingen<\/strong> en <strong>speciale promoties<\/strong> die je nergens anders zult vinden. Ons toegewijde team staat <strong>klaar<\/strong> om al je vragen te beantwoorden en je te helpen bij het plannen van je vakantie. <\/p>\n\n\n\n<p class=\"has-medium-font-size\">Mis deze kans niet om <strong>geld te besparen<\/strong> en een onvergetelijke vakantie te hebben. Boek nu en <strong>profiteer van de beste voorwaarden<\/strong> voor je vakantie. <\/p>\n<\/div>\n<\/div>\n\n\n\n<figure class=\"wp-block-image size-full\"><img data-dominant-color=\"7c8270\" data-has-transparency=\"false\" style=\"--dominant-color: #7c8270;\" decoding=\"async\" width=\"662\" height=\"531\" src=\"https:\/\/campingclosduthym.com\/wp-content\/uploads\/sites\/5\/2024\/11\/reservez-en-direct.webp\" alt=\"online boeken\" class=\"wp-image-4745 not-transparent\" srcset=\"https:\/\/campingclosduthym.com\/wp-content\/uploads\/sites\/5\/2024\/11\/reservez-en-direct.webp 662w, https:\/\/campingclosduthym.com\/wp-content\/uploads\/sites\/5\/2024\/11\/reservez-en-direct-300x241.webp 300w\" sizes=\"(max-width: 662px) 100vw, 662px\" \/><\/figure>\n<\/div>\n\n\n\n<div style=\"height:6rem\" aria-hidden=\"true\" class=\"wp-block-spacer\"><\/div>\n<\/div>\n\n<div class=\"wp-block-group alignfull is-layout-flow wp-block-group-is-layout-flow\" style=\"padding-bottom:0\">\n<div class=\"wp-block-group alignwide animated fadeIn slower is-layout-flow wp-block-group-is-layout-flow\" style=\"margin-top:0;margin-bottom:-33px;padding-right:0;padding-left:0\">\n<p class=\"gt-sliding-text has-contrast-3-color has-text-color has-link-color has-sogo-font-family wp-elements-3b0a62d677c316857b2750de3a2edf02\" style=\"margin-top:0;margin-right:0;margin-bottom:0;margin-left:0;font-size:7vw;font-style:normal;font-weight:300;line-height:1;text-transform:uppercase\">ONTDEK<\/p>\n<\/div>\n\n\n\n<div class=\"wp-block-group gt-break-mobile is-layout-grid wp-container-core-group-is-layout-17 wp-block-group-is-layout-grid\" style=\"border-radius:2rem\">\n<div\n\tstyle=\"border-radius:0rem;\" class=\"gt-maillage-3 wp-block-gt-gt-fse-maillage\"\tdata-wp-interactive=\"gt\/maillage\"\n\tdata-wp-on--click=\"actions.ctaLoad\"\n\tdata-wp-context='{\"radius\":\"0rem\",\"hover_bg_color\":\"#132f44\",\"hover_text_color\":\"#ffffff\",\"hover_image_opacity\":0.5}'>\t\n\n\t\n\t\t\t\t\t\t\t\t\t<div \n\t\t\t\tclass=\"gt-fse-maillage-link gt-fse-maillage-image-zoom gt-fse-maillage-hover-background-color gt-fse-maillage-hover-text-color\"\n\t\t\t\tstyle=\"border-radius: 0rem\"\n\t\t\t\tdata-wp-on-async--mouseover=\"actions.mouseover\"\n\t\t\t>\n\t\t\t\t\t\t\t\t\t\t\t\t\t\t\t\t\t\t<\/div>\n\t\t\t\t\t\t\t\t\t\t\t<div \n\t\t\t\tclass=\"gt-fse-maillage-link gt-fse-maillage-image-zoom gt-fse-maillage-hover-background-color gt-fse-maillage-hover-text-color\"\n\t\t\t\tstyle=\"border-radius: 0rem\"\n\t\t\t\tdata-wp-on-async--mouseover=\"actions.mouseover\"\n\t\t\t>\n\t\t\t\t\t\t\t\t\t\t\t\t\t\t\t\t\t\t<\/div>\n\t\t\t\t\t\t\t\t\t\t\t<div \n\t\t\t\tclass=\"gt-fse-maillage-link gt-fse-maillage-image-zoom gt-fse-maillage-hover-background-color gt-fse-maillage-hover-text-color\"\n\t\t\t\tstyle=\"border-radius: 0rem\"\n\t\t\t\tdata-wp-on-async--mouseover=\"actions.mouseover\"\n\t\t\t>\n\t\t\t\t\t\t\t\t\t\t\t\t\t\t\t\t\t\t<\/div>\n\t\t\t\t\t\t\t\t<\/div><\/div>\n\n\n\n<div style=\"height:6rem\" aria-hidden=\"true\" class=\"wp-block-spacer\"><\/div>\n<\/div>\n","protected":false},"excerpt":{"rendered":"<p>Geniet van een betaalbare accommodatie in de Pyr\u00e9n\u00e9es-Orientales Op zoek naar een betaalbare accommodatie voor je vakantie in de Pyr\u00e9n\u00e9es-Orientales? Camping Clos du Thym in Argel\u00e8s-sur-Mer is de ideale plek om een vakantie door te brengen met familie of vrienden zonder de bank te breken. Onze camping ligt op slechts 2,5 km van de Middellandse [&hellip;]<\/p>\n","protected":false},"author":1,"featured_media":5238,"parent":0,"menu_order":0,"comment_status":"closed","ping_status":"closed","template":"","meta":{"_acf_changed":false,"_seopress_robots_primary_cat":"","_seopress_titles_title":"Camping aan de beste prijs in Argel\u00e8s-sur-Mer, Pyr\u00e9n\u00e9es-Orientales","_seopress_titles_desc":"Verblijf op een camping aan de beste prijs en met speciale aanbiedingen in Argel\u00e8s-sur-Mer, boek direct in de Pyr\u00e9n\u00e9es-Orientales!","_seopress_robots_index":"","_gt_ctv_global_id":"1911","_gt_ctv_id_group":false,"inline_featured_image":false,"gt_fse_maillage_image":"https:\/\/campingclosduthym.com\/wp-content\/uploads\/sites\/5\/2024\/10\/le-clos-du-thym-camping-pas-cher-argeles-sur-mer.webp","gt_fse_maillage_titre":"Verblijf op een camping aan de beste prijs in Argel\u00e8s-sur-Mer","gt_fse_maillage_resume":"","_gt_maillage_image":0,"_gt_maillage_video":0,"_gt_maillage_title":"","footnotes":""},"categories":[],"tags":[],"class_list":["post-5237","page","type-page","status-publish","has-post-thumbnail","hentry"],"acf":[],"_links":{"self":[{"href":"https:\/\/campingclosduthym.com\/nl\/wp-json\/wp\/v2\/pages\/5237","targetHints":{"allow":["GET"]}}],"collection":[{"href":"https:\/\/campingclosduthym.com\/nl\/wp-json\/wp\/v2\/pages"}],"about":[{"href":"https:\/\/campingclosduthym.com\/nl\/wp-json\/wp\/v2\/types\/page"}],"author":[{"embeddable":true,"href":"https:\/\/campingclosduthym.com\/nl\/wp-json\/wp\/v2\/users\/1"}],"replies":[{"embeddable":true,"href":"https:\/\/campingclosduthym.com\/nl\/wp-json\/wp\/v2\/comments?post=5237"}],"version-history":[{"count":10,"href":"https:\/\/campingclosduthym.com\/nl\/wp-json\/wp\/v2\/pages\/5237\/revisions"}],"predecessor-version":[{"id":5936,"href":"https:\/\/campingclosduthym.com\/nl\/wp-json\/wp\/v2\/pages\/5237\/revisions\/5936"}],"wp:featuredmedia":[{"embeddable":true,"href":"https:\/\/campingclosduthym.com\/nl\/wp-json\/wp\/v2\/media\/5238"}],"wp:attachment":[{"href":"https:\/\/campingclosduthym.com\/nl\/wp-json\/wp\/v2\/media?parent=5237"}],"wp:term":[{"taxonomy":"category","embeddable":true,"href":"https:\/\/campingclosduthym.com\/nl\/wp-json\/wp\/v2\/categories?post=5237"},{"taxonomy":"post_tag","embeddable":true,"href":"https:\/\/campingclosduthym.com\/nl\/wp-json\/wp\/v2\/tags?post=5237"}],"curies":[{"name":"wp","href":"https:\/\/api.w.org\/{rel}","templated":true}]}}