{"id":5270,"date":"2024-10-15T10:25:44","date_gmt":"2024-10-15T08:25:44","guid":{"rendered":"https:\/\/campingclosduthym.com\/camping-piscine-argeles-sur-mer\/"},"modified":"2025-01-14T12:31:34","modified_gmt":"2025-01-14T11:31:34","slug":"camping-zwembad-argeles-sur-mer","status":"publish","type":"page","link":"https:\/\/campingclosduthym.com\/nl\/camping-zwembad-argeles-sur-mer\/","title":{"rendered":"Kom tot rust in het zwembad van de camping in Argel\u00e8s-sur-Mer"},"content":{"rendered":"\n<div class=\"wp-block-group alignfull gt-reveal has-global-padding is-layout-constrained wp-container-core-group-is-layout-5 wp-block-group-is-layout-constrained\">\n<div style=\"height:6rem\" aria-hidden=\"true\" class=\"wp-block-spacer\"><\/div>\n\n\n\n<div class=\"wp-block-group alignwide gt-break-mobile gt-reverse-mobile is-nowrap is-layout-flex wp-container-core-group-is-layout-4 wp-block-group-is-layout-flex\">\n<div class=\"wp-block-group has-global-padding is-layout-constrained wp-block-group-is-layout-constrained\">\n<div class=\"wp-block-group is-layout-flow wp-block-group-is-layout-flow\" style=\"padding-right:var(--wp--preset--spacing--30);padding-left:var(--wp--preset--spacing--30)\">\n<div style=\"height:10rem\" aria-hidden=\"true\" class=\"wp-block-spacer gt-hide-mobile\"><\/div>\n\n\n\n<figure class=\"wp-block-image aligncenter size-full gt-reveal-down wp-duotone-174c4f-174c4f-1\"><img data-dominant-color=\"b15526\" data-has-transparency=\"true\" style=\"--dominant-color: #b15526;\" decoding=\"async\" width=\"43\" height=\"21\" src=\"https:\/\/campingclosduthym.com\/wp-content\/uploads\/sites\/5\/2024\/08\/separator.png\" alt=\"scheider\" class=\"wp-image-150 has-transparency\"\/><\/figure>\n\n\n<h2 class=\"wp-block-heading has-text-align-center gt-reveal-down has-accent-color has-text-color has-link-color wp-elements-ae680e47dc134df88cb210a4c0f066fd\" id=\"neem-een-duik-in-het-zwembad-voor-een-ontspannen-moment-in-een-groene-omgeving\">Neem een duik in het zwembad voor een ontspannen moment in een groene omgeving<\/h2>\n\n\n<p class=\"has-text-align-center gt-reveal-down has-medium-font-size\">Ontdek het zwembad Clos du Thym in Argel\u00e8s-sur-Mer, een oase van frisheid in het hart van onze charmante familiecamping.<\/p>\n\n\n\n<p class=\"has-text-align-center gt-reveal-down has-medium-font-size\">Dit zwembad van 900 m\u00b2 wordt omringd door<strong> weelderig groen<\/strong> en is de ideale plek om te ontspannen en te genieten. Het is geopend <strong>van juni tot september van 10.00 tot 20.00 uur<\/strong>.<\/p>\n\n\n\n<p class=\"has-text-align-center gt-reveal-down has-medium-font-size\"><strong>Het dragen van een vrijetijdspolsbandje<\/strong>: verplicht voor toegang tot het zwembad.<\/p>\n\n\n\n<p class=\"has-text-align-center gt-reveal-down has-medium-font-size\">Zwemshorts zijn niet toegestaan.<\/p>\n<\/div>\n<\/div>\n\n\n\n<div class=\"wp-block-group wp-container-content-1 is-layout-flow wp-block-group-is-layout-flow\">\n<figure class=\"wp-block-image size-full gt-reveal\"><img data-dominant-color=\"5d787a\" data-has-transparency=\"false\" style=\"--dominant-color: #5d787a;\" decoding=\"async\" width=\"640\" height=\"961\" src=\"https:\/\/campingclosduthym.com\/wp-content\/uploads\/sites\/5\/2024\/11\/plongez-dans-la-piscine-pour-un-moment-detente.webp\" alt=\"neem een duik in het zwembad voor een ontspannend moment\" class=\"wp-image-4728 not-transparent\" srcset=\"https:\/\/campingclosduthym.com\/wp-content\/uploads\/sites\/5\/2024\/11\/plongez-dans-la-piscine-pour-un-moment-detente.webp 640w, https:\/\/campingclosduthym.com\/wp-content\/uploads\/sites\/5\/2024\/11\/plongez-dans-la-piscine-pour-un-moment-detente-200x300.webp 200w\" sizes=\"(max-width: 640px) 100vw, 640px\" \/><\/figure>\n<\/div>\n<\/div>\n<\/div>\n\n<div class=\"wp-block-group alignfull gt-reveal has-global-padding is-layout-constrained wp-container-core-group-is-layout-11 wp-block-group-is-layout-constrained\">\n<div style=\"height:6rem\" aria-hidden=\"true\" class=\"wp-block-spacer\"><\/div>\n\n\n\n<div class=\"wp-block-group alignwide animated fadeIn slower gt-hide-mobile is-layout-flow wp-block-group-is-layout-flow\" style=\"margin-top:0;margin-bottom:-33px;padding-right:0;padding-left:0\">\n<p class=\"gt-sliding-text has-contrast-3-color has-text-color has-link-color has-sogo-font-family wp-elements-3d9a9cccc5ed7f625ea398b92d0e6ea1\" style=\"margin-top:0;margin-right:0;margin-bottom:0;margin-left:0;font-size:7vw;font-style:normal;font-weight:300;line-height:1;text-transform:uppercase\">TODDLERS<\/p>\n<\/div>\n\n\n\n<div class=\"wp-block-group alignwide gt-break-mobile is-nowrap is-layout-flex wp-container-core-group-is-layout-10 wp-block-group-is-layout-flex\">\n<div class=\"wp-block-group wp-container-content-2 is-layout-flow wp-block-group-is-layout-flow\">\n<figure class=\"wp-block-image size-full gt-reveal\"><img data-dominant-color=\"76989f\" data-has-transparency=\"false\" style=\"--dominant-color: #76989f;\" decoding=\"async\" width=\"640\" height=\"960\" src=\"https:\/\/campingclosduthym.com\/wp-content\/uploads\/sites\/5\/2024\/10\/la-pataugeoire-avec-jeux-pour-initier-les-tout-petits-aux-plaisirs-de-l-eau.webp\" alt=\"het pierenbad met spelletjes om peuters kennis te laten maken met het plezier van water\" class=\"wp-image-4312 not-transparent\" srcset=\"https:\/\/campingclosduthym.com\/wp-content\/uploads\/sites\/5\/2024\/10\/la-pataugeoire-avec-jeux-pour-initier-les-tout-petits-aux-plaisirs-de-l-eau.webp 640w, https:\/\/campingclosduthym.com\/wp-content\/uploads\/sites\/5\/2024\/10\/la-pataugeoire-avec-jeux-pour-initier-les-tout-petits-aux-plaisirs-de-l-eau-200x300.webp 200w\" sizes=\"(max-width: 640px) 100vw, 640px\" \/><\/figure>\n<\/div>\n\n\n\n<div class=\"wp-block-group has-global-padding is-layout-constrained wp-block-group-is-layout-constrained\">\n<div class=\"wp-block-group is-layout-flow wp-block-group-is-layout-flow\" style=\"padding-right:var(--wp--preset--spacing--30);padding-left:var(--wp--preset--spacing--30)\">\n<div style=\"height:10rem\" aria-hidden=\"true\" class=\"wp-block-spacer gt-hide-mobile\"><\/div>\n\n\n\n<figure class=\"wp-block-image aligncenter size-full gt-reveal-down wp-duotone-174c4f-174c4f-2\"><img data-dominant-color=\"b15526\" data-has-transparency=\"true\" style=\"--dominant-color: #b15526;\" decoding=\"async\" width=\"43\" height=\"21\" src=\"https:\/\/campingclosduthym.com\/wp-content\/uploads\/sites\/5\/2024\/08\/separator.png\" alt=\"scheider\" class=\"wp-image-150 has-transparency\"\/><\/figure>\n\n\n<h2 class=\"wp-block-heading has-text-align-center gt-reveal-down has-accent-color has-text-color has-link-color wp-elements-fad5fd50d20e842675ccb4f06c664bb3\" id=\"het-pierenbad-met-spelletjes-om-peuters-kennis-te-laten-maken-met-het-plezier-van-water\">Het pierenbad met spelletjes om peuters kennis te laten maken met het plezier van water<\/h2>\n\n\n<p class=\"has-text-align-center gt-reveal-down has-medium-font-size\">Laat <strong>de kleintjes<\/strong> kennismaken met het plezier van water in ons speciale <strong>pierenbad<\/strong>, een <strong>veilig en leuk<\/strong> gebied.<\/p>\n\n\n\n<p class=\"has-text-align-center gt-reveal-down has-medium-font-size\">Het is een <strong>zwemparadijs<\/strong> voor jonge kinderen. Met een <strong>geschikte diepte<\/strong> kunnen peuters zich <strong>hier<\/strong> in alle <strong>rust<\/strong> vermaken. Ouders kunnen zich ontspannen in de wetenschap dat hun kinderen in een veilige omgeving spelen.  <\/p>\n\n\n\n<p class=\"has-text-align-center gt-reveal-down has-medium-font-size\">Onze <strong>paddenstoel<\/strong> biedt een <strong>leuke en leerzame ervaring<\/strong>.<\/p>\n\n\n\n<p class=\"has-text-align-center gt-reveal-down has-medium-font-size\">Dit watergebied is ook een <strong>ontmoetingsplaats voor gezinnen<\/strong>. Kinderen kunnen nieuwe vriendjes maken en samen spelen, terwijl de ouders in de buurt kunnen kletsen en ontspannen. Het pierenbad cre\u00ebert een warme, <strong>vriendelijke sfeer<\/strong> die geweldig is voor gezelligheid en lachen.  <\/p>\n\n\n\n<p class=\"has-text-align-center gt-reveal-down has-medium-font-size\">Pierenbad onder toezicht van ouders.<\/p>\n\n\n\n<div style=\"height:2rem\" aria-hidden=\"true\" class=\"wp-block-spacer is-style-gt-hide-mobile\"><\/div>\n<\/div>\n<\/div>\n<\/div>\n<\/div>\n\n<div class=\"wp-block-group alignfull gt-reveal is-nowrap is-layout-flex wp-container-core-group-is-layout-14 wp-block-group-is-layout-flex\">\n<div class=\"wp-block-cover gt-hide-mobile wp-container-content-3\" style=\"min-height:100vh;aspect-ratio:unset;\"><span aria-hidden=\"true\" class=\"wp-block-cover__background has-background-dim-10 has-background-dim\"><\/span><img data-dominant-color=\"3299bb\" data-has-transparency=\"false\" style=\"--dominant-color: #3299bb;\" decoding=\"async\" width=\"381\" height=\"1150\" class=\"wp-block-cover__image-background wp-image-4731 not-transparent\" alt=\"se ressourcer\" src=\"https:\/\/campingclosduthym.com\/wp-content\/uploads\/sites\/5\/2024\/11\/se-ressourcer.webp\" data-object-fit=\"cover\" srcset=\"https:\/\/campingclosduthym.com\/wp-content\/uploads\/sites\/5\/2024\/11\/se-ressourcer.webp 381w, https:\/\/campingclosduthym.com\/wp-content\/uploads\/sites\/5\/2024\/11\/se-ressourcer-99x300.webp 99w, https:\/\/campingclosduthym.com\/wp-content\/uploads\/sites\/5\/2024\/11\/se-ressourcer-339x1024.webp 339w\" sizes=\"(max-width: 381px) 100vw, 381px\" \/><div class=\"wp-block-cover__inner-container has-global-padding is-layout-constrained wp-block-cover-is-layout-constrained\">\n<p class=\"has-text-align-center has-large-font-size\"><\/p>\n<\/div><\/div>\n\n\n\n<div class=\"wp-block-cover has-custom-content-position is-position-top-center wp-container-content-4\" style=\"padding-top:0;padding-bottom:0;min-height:100vh;aspect-ratio:unset;\"><span aria-hidden=\"true\" class=\"wp-block-cover__background has-background-dim-30 has-background-dim\"><\/span><img data-dominant-color=\"bda9a4\" data-has-transparency=\"false\" style=\"--dominant-color: #bda9a4;\" decoding=\"async\" width=\"1514\" height=\"1150\" class=\"wp-block-cover__image-background wp-image-4317 not-transparent\" alt=\"farniente sur nos transats sous le soleil de mediterranee\" src=\"https:\/\/campingclosduthym.com\/wp-content\/uploads\/sites\/5\/2024\/10\/farniente-sur-nos-transats-sous-le-soleil-de-mediterranee.webp\" data-object-fit=\"cover\" srcset=\"https:\/\/campingclosduthym.com\/wp-content\/uploads\/sites\/5\/2024\/10\/farniente-sur-nos-transats-sous-le-soleil-de-mediterranee.webp 1514w, https:\/\/campingclosduthym.com\/wp-content\/uploads\/sites\/5\/2024\/10\/farniente-sur-nos-transats-sous-le-soleil-de-mediterranee-300x228.webp 300w, https:\/\/campingclosduthym.com\/wp-content\/uploads\/sites\/5\/2024\/10\/farniente-sur-nos-transats-sous-le-soleil-de-mediterranee-1024x778.webp 1024w, https:\/\/campingclosduthym.com\/wp-content\/uploads\/sites\/5\/2024\/10\/farniente-sur-nos-transats-sous-le-soleil-de-mediterranee-768x583.webp 768w\" sizes=\"(max-width: 1514px) 100vw, 1514px\" \/><div class=\"wp-block-cover__inner-container has-global-padding is-layout-constrained wp-block-cover-is-layout-constrained\">\n<div class=\"wp-block-group gt-reveal-down has-global-padding is-layout-constrained wp-container-core-group-is-layout-13 wp-block-group-is-layout-constrained\">\n<div class=\"wp-block-group has-contrast-3-background-color has-background is-layout-flow wp-block-group-is-layout-flow\" style=\"min-height:12rem\"><\/div>\n<\/div>\n\n\n\n<figure class=\"wp-block-image aligncenter size-full gt-reveal-down wp-duotone-e5e0ce-ffffff-3\"><img data-dominant-color=\"b15526\" data-has-transparency=\"true\" style=\"--dominant-color: #b15526;\" decoding=\"async\" width=\"43\" height=\"21\" src=\"https:\/\/campingclosduthym.com\/wp-content\/uploads\/sites\/5\/2024\/08\/separator.png\" alt=\"scheider\" class=\"wp-image-150 has-transparency\"\/><\/figure>\n\n\n\n<div style=\"height:1rem\" aria-hidden=\"true\" class=\"wp-block-spacer\"><\/div>\n\n\n<h2 class=\"wp-block-heading has-text-align-center has-base-color has-text-color has-link-color has-large-font-size wp-elements-36dade936b28282ec7e63a7c953ddba9\" id=\"ontspannen-op-onze-ligstoelen-in-de-mediterrane-zon\">Ontspannen op onze ligstoelen in de mediterrane zon<\/h2>\n\n\n<p class=\"has-text-align-center has-base-color has-text-color has-link-color has-medium-font-size wp-elements-797a31b16b1250b3ca1116849ea3a955\">Ons zwembad is de perfecte plek om te ontspannen en te genieten van de mediterrane zon. Onze <strong>comfortabele ligstoelen<\/strong> nodigen je uit om te genieten van momenten van pure ontspanning, omringd door de natuurlijke schoonheid van de omgeving. <\/p>\n\n\n\n<p class=\"has-text-align-center has-base-color has-text-color has-link-color has-medium-font-size wp-elements-a663cabf3c6755d3e0bb4336bd9d086e\">Maak het <strong>jezelf<\/strong> gemakkelijk op onze ligstoelen en laat het zachte geluid van het water je in slaap wiegen. De mediterrane zon zorgt voor een aangename warmte, ideaal om <strong>te zonnebaden en je batterijen op te laden<\/strong>. Of je nu liever een boek leest of gewoon je ogen sluit, onze ligstoelen zijn de perfecte plek om <strong>te ontspannen<\/strong>.  <\/p>\n\n\n\n<p class=\"has-text-align-center has-base-color has-text-color has-link-color has-medium-font-size wp-elements-e75794ab9e68731e25e6f2e1b211479a\">Met onze ligstoelen kun je heerlijk ontspannen in het zwembad. Laat je verleiden door de schilderachtige omgeving van <a href=\"\">camping Clos du Thym in Argel\u00e8s-sur-Mer<\/a>, waar natuur en comfort samenkomen voor een onvergetelijke vakantie. <\/p>\n\n\n\n<p class=\"has-text-align-center has-base-color has-text-color has-link-color has-medium-font-size wp-elements-66c9a4855fc31e60ad261396a3a5385c\"><strong> Lekker luieren<\/strong> op onze ligstoelen is ook een uitstekende gelegenheid om tijd met het gezin door te brengen. Terwijl de kinderen in het zwembad spelen of deelnemen aan de activiteiten op de camping, kunnen de ouders ontspannen en genieten van hun vrije tijd. Het is de perfecte plek om elkaar te ontmoeten en samen herinneringen te maken.  <\/p>\n\n\n\n<div style=\"height:var(--wp--preset--spacing--40)\" aria-hidden=\"true\" class=\"wp-block-spacer\"><\/div>\n<\/div><\/div>\n<\/div>\n\n<div class=\"wp-block-group alignfull gt-break-mobile is-content-justification-right is-nowrap is-layout-flex wp-container-core-group-is-layout-20 wp-block-group-is-layout-flex\" id=\"banquette-balneo\">\n<div class=\"wp-block-group alignwide gt-absolute-text gt-hide-mobile wp-container-content-5 is-horizontal is-content-justification-right is-nowrap is-layout-flex wp-container-core-group-is-layout-15 wp-block-group-is-layout-flex\" style=\"margin-top:0;padding-right:0;padding-left:0\">\n<p class=\"gt-sliding-text-y has-contrast-3-color has-text-color has-link-color has-sogo-font-family wp-elements-fff61113db9b5fee513d0be4577759bb\" style=\"margin-top:0;margin-right:0;margin-bottom:0;margin-left:0;font-size:7vw;font-style:normal;font-weight:300;line-height:1;text-transform:uppercase\">Ontspanning<\/p>\n<\/div>\n\n\n\n<div class=\"wp-block-group has-accent-2-background-color has-background wp-container-content-6 has-global-padding is-content-justification-center is-layout-constrained wp-block-group-is-layout-constrained\">\n<div class=\"wp-block-group alignwide is-layout-flow wp-block-group-is-layout-flow\" style=\"padding-top:0;padding-right:var(--wp--preset--spacing--60);padding-bottom:var(--wp--preset--spacing--30);padding-left:var(--wp--preset--spacing--60)\">\n<div class=\"wp-block-group gt-reveal-down has-global-padding is-layout-constrained wp-container-core-group-is-layout-17 wp-block-group-is-layout-constrained\" style=\"margin-top:-3rem\">\n<div class=\"wp-block-group has-contrast-3-background-color has-background is-layout-flow wp-block-group-is-layout-flow\" style=\"min-height:6rem\"><\/div>\n<\/div>\n\n\n\n<figure class=\"wp-block-image aligncenter size-full gt-reveal-down wp-duotone-174c4f-174c4f-4\"><img data-dominant-color=\"b15526\" data-has-transparency=\"true\" style=\"--dominant-color: #b15526;\" decoding=\"async\" width=\"43\" height=\"21\" src=\"https:\/\/campingclosduthym.com\/wp-content\/uploads\/sites\/5\/2024\/08\/separator.png\" alt=\"scheider\" class=\"wp-image-150 has-transparency\"\/><\/figure>\n\n\n<h2 class=\"wp-block-heading has-text-align-center gt-reveal-down has-accent-color has-text-color has-link-color wp-elements-ba8405531847314da13c458f7c34f3e6\" id=\"een-ontspannend-moment-op-de-spabank\">Een ontspannend moment op de spabank<\/h2>\n\n\n<p class=\"has-text-align-center gt-reveal-down has-medium-font-size\">Na een dag <a href=\"https:\/\/campingclosduthym.com\/nl\/ontdek-de-pyrenees-orientales\/\">de wonderen van ons prachtige departement te hebben verkend<\/a>, of na een inspannende sportactiviteit, gaat er niets boven een moment van <strong>ontspanning op de balneobank<\/strong> van ons zwembad op camping Le Clos du Thym in Argel\u00e8s-sur-Mer.<\/p>\n\n\n\n<p class=\"has-text-align-center gt-reveal-down has-medium-font-size\">De whirlpoolbank in ons zwembad is ontworpen voor<strong> optimale ontspanning<\/strong>. Dankzij de <strong>masserende waterstralen<\/strong> kun je je ontspannen en <strong>alle<\/strong> opgehoopte <strong>spanning loslaten<\/strong>. Het is de ideale plek om <strong>nieuwe energie op te doen<\/strong> na een drukke dag.  <\/p>\n\n\n\n<p class=\"has-text-align-center gt-reveal-down has-medium-font-size\">Balneotherapie staat bekend om de vele <strong>voordelen voor lichaam en geest<\/strong>. De masserende waterstralen stimuleren <strong>de bloedsomloop<\/strong>, verlichten spierpijn en bevorderen <strong>een diepe ontspanning<\/strong>. Geniet van deze voordelen terwijl je de schilderachtige omgeving van de camping bewondert.  <\/p>\n\n\n\n<p class=\"has-text-align-center gt-reveal-down has-medium-font-size\">Ontspan en laat de masserende waterstralen en kalmerende bubbels je vermoeide spieren kalmeren en je een rustgevende waterervaring bezorgen.<\/p>\n<\/div>\n\n\n\n<div style=\"height:6rem;width:0px\" aria-hidden=\"true\" class=\"wp-block-spacer\"><\/div>\n<\/div>\n<\/div>\n\n<div class=\"wp-block-group alignfull has-global-padding is-layout-constrained wp-block-group-is-layout-constrained\" id=\"chalet-bien-etre\">\n<div style=\"height:6rem\" aria-hidden=\"true\" class=\"wp-block-spacer\"><\/div>\n\n\n\n<div class=\"wp-block-group alignfull gt-reveal gt-break-mobile gt-reverse-mobile is-content-justification-center is-nowrap is-layout-flex wp-container-core-group-is-layout-26 wp-block-group-is-layout-flex\">\n<div class=\"wp-block-group is-nowrap is-layout-flex wp-container-core-group-is-layout-25 wp-block-group-is-layout-flex\" style=\"padding-right:var(--wp--preset--spacing--20);padding-left:var(--wp--preset--spacing--20)\">\n<div class=\"wp-block-group has-global-padding is-layout-constrained wp-block-group-is-layout-constrained\">\n<div class=\"wp-block-group animated fadeInDown slow gt-reveal-down has-global-padding is-layout-constrained wp-container-core-group-is-layout-22 wp-block-group-is-layout-constrained\">\n<div class=\"wp-block-group gt-reveal-down has-contrast-3-background-color has-background is-layout-flow wp-block-group-is-layout-flow\" style=\"min-height:30rem\"><\/div>\n<\/div>\n\n\n\n<figure class=\"wp-block-image aligncenter size-full gt-reveal-down wp-duotone-e5e0ce-ffffff-5\"><img data-dominant-color=\"b15526\" data-has-transparency=\"true\" style=\"--dominant-color: #b15526;\" decoding=\"async\" width=\"43\" height=\"21\" src=\"https:\/\/campingclosduthym.com\/wp-content\/uploads\/sites\/5\/2024\/08\/separator.png\" alt=\"scheider\" class=\"wp-image-150 has-transparency\"\/><\/figure>\n<\/div>\n\n\n\n<div class=\"wp-block-group has-global-padding is-layout-constrained wp-block-group-is-layout-constrained\"><h2 class=\"wp-block-heading has-accent-color has-text-color has-link-color wp-elements-757f01656a92e254427c980dae4eb890\" id=\"jouw-geluksbubbel-massages-en-kapper-in-het-chalet-du-bien-etre\">Jouw geluksbubbel: massages en kapper in het Chalet du bien-\u00eatre*.<\/h2>\n\n\n<p class=\"has-medium-font-size\">*Deze diensten zijn ook beschikbaar in het <a href=\"https:\/\/camping-del-mar.com\/nl\/camping-welzijn-argeles-sur-mer\/\">Chalet bien-\u00eatre op de camping Del Mar<\/a> voor massages.<\/p>\n\n\n\n<p class=\"has-medium-font-size\">Welkom in de <strong>wellnessruimte<\/strong> van Camping Del Mar, waar <strong>ontspanning<\/strong> en welzijn aan de orde van de dag zijn!<\/p>\n\n\n\n<p class=\"has-medium-font-size\">Het Chalet bien-\u00eatre opent zijn deuren voor u <strong>van half juni tot half september<\/strong> voor onvergetelijke momenten van ontspanning.<\/p>\n<\/div>\n<\/div>\n\n\n\n<figure class=\"wp-block-image size-full\"><img data-dominant-color=\"5f5f5f\" data-has-transparency=\"false\" style=\"--dominant-color: #5f5f5f;\" decoding=\"async\" width=\"1108\" height=\"738\" src=\"https:\/\/campingclosduthym.com\/wp-content\/uploads\/sites\/5\/2024\/11\/bulle-de-bonheur-massages-soins-esthetiques-et-coiffure-au-chalet-du-bien-etre.webp\" alt=\"geluksbubbel massages schoonheidsbehandelingen en kapper in het chalet du bien etre\" class=\"wp-image-4735 not-transparent\" srcset=\"https:\/\/campingclosduthym.com\/wp-content\/uploads\/sites\/5\/2024\/11\/bulle-de-bonheur-massages-soins-esthetiques-et-coiffure-au-chalet-du-bien-etre.webp 1108w, https:\/\/campingclosduthym.com\/wp-content\/uploads\/sites\/5\/2024\/11\/bulle-de-bonheur-massages-soins-esthetiques-et-coiffure-au-chalet-du-bien-etre-300x200.webp 300w, https:\/\/campingclosduthym.com\/wp-content\/uploads\/sites\/5\/2024\/11\/bulle-de-bonheur-massages-soins-esthetiques-et-coiffure-au-chalet-du-bien-etre-1024x682.webp 1024w, https:\/\/campingclosduthym.com\/wp-content\/uploads\/sites\/5\/2024\/11\/bulle-de-bonheur-massages-soins-esthetiques-et-coiffure-au-chalet-du-bien-etre-768x512.webp 768w\" sizes=\"(max-width: 1108px) 100vw, 1108px\" \/><\/figure>\n<\/div>\n\n\n\n<div style=\"height:6rem\" aria-hidden=\"true\" class=\"wp-block-spacer\"><\/div>\n<\/div>\n\n<div class=\"wp-block-group alignfull is-layout-flow wp-block-group-is-layout-flow\" style=\"padding-bottom:0\">\n<div class=\"wp-block-group alignwide animated fadeIn slower is-layout-flow wp-block-group-is-layout-flow\" style=\"margin-top:0;margin-bottom:-33px;padding-right:0;padding-left:0\">\n<p class=\"gt-sliding-text has-contrast-3-color has-text-color has-link-color has-sogo-font-family wp-elements-3b0a62d677c316857b2750de3a2edf02\" style=\"margin-top:0;margin-right:0;margin-bottom:0;margin-left:0;font-size:7vw;font-style:normal;font-weight:300;line-height:1;text-transform:uppercase\">ONTDEK<\/p>\n<\/div>\n\n\n\n<div class=\"wp-block-group gt-break-mobile is-layout-grid wp-container-core-group-is-layout-29 wp-block-group-is-layout-grid\" style=\"border-radius:2rem\">\n<div\n\tstyle=\"border-radius:0rem;\" class=\"gt-maillage-6 wp-block-gt-gt-fse-maillage\"\tdata-wp-interactive=\"gt\/maillage\"\n\tdata-wp-on--click=\"actions.ctaLoad\"\n\tdata-wp-context='{\"radius\":\"0rem\",\"hover_bg_color\":\"#132f44\",\"hover_text_color\":\"#ffffff\",\"hover_image_opacity\":0.5}'>\t\n\n\t\n\t\t\t\t\t\t\t\t\t<div \n\t\t\t\tclass=\"gt-fse-maillage-link gt-fse-maillage-image-zoom gt-fse-maillage-hover-background-color gt-fse-maillage-hover-text-color\"\n\t\t\t\tstyle=\"border-radius: 0rem\"\n\t\t\t\tdata-wp-on-async--mouseover=\"actions.mouseover\"\n\t\t\t>\n\t\t\t\t\t\t\t\t\t\t\t\t\t\t\t\t\t\t<\/div>\n\t\t\t\t\t\t\t\t\t\t\t<div \n\t\t\t\tclass=\"gt-fse-maillage-link gt-fse-maillage-image-zoom gt-fse-maillage-hover-background-color gt-fse-maillage-hover-text-color\"\n\t\t\t\tstyle=\"border-radius: 0rem\"\n\t\t\t\tdata-wp-on-async--mouseover=\"actions.mouseover\"\n\t\t\t>\n\t\t\t\t\t\t\t\t\t\t\t\t\t\t\t\t\t\t<\/div>\n\t\t\t\t\t\t\t\t\t\t\t<div \n\t\t\t\tclass=\"gt-fse-maillage-link gt-fse-maillage-image-zoom gt-fse-maillage-hover-background-color gt-fse-maillage-hover-text-color\"\n\t\t\t\tstyle=\"border-radius: 0rem\"\n\t\t\t\tdata-wp-on-async--mouseover=\"actions.mouseover\"\n\t\t\t>\n\t\t\t\t\t\t\t\t\t\t\t\t\t\t\t\t\t\t<\/div>\n\t\t\t\t\t\t\t\t<\/div><\/div>\n\n\n\n<div style=\"height:6rem\" aria-hidden=\"true\" class=\"wp-block-spacer\"><\/div>\n<\/div>\n","protected":false},"excerpt":{"rendered":"<p>Neem een duik in het zwembad voor een ontspannen moment in een groene omgeving Ontdek het zwembad Clos du Thym in Argel\u00e8s-sur-Mer, een oase van frisheid in het hart van onze charmante familiecamping. Dit zwembad van 900 m\u00b2 wordt omringd door weelderig groen en is de ideale plek om te ontspannen en te genieten. Het [&hellip;]<\/p>\n","protected":false},"author":1,"featured_media":5271,"parent":0,"menu_order":0,"comment_status":"closed","ping_status":"closed","template":"","meta":{"_acf_changed":false,"_seopress_robots_primary_cat":"","_seopress_titles_title":"Camping met zwembad in Argel\u00e8s-sur-Mer, Pyr\u00e9n\u00e9es-Orientales","_seopress_titles_desc":"Verjong in het hart van de natuur in het zwembad van camping Argel\u00e8s-sur-Mer met balneotherapie en geniet van massages en behandelingen in de wellnessruimte","_seopress_robots_index":"","_gt_ctv_global_id":"","_gt_ctv_id_group":false,"inline_featured_image":false,"gt_fse_maillage_image":"https:\/\/campingclosduthym.com\/wp-content\/uploads\/sites\/5\/2024\/10\/le-clos-du-thym-camping-piscine-argeles-sur-mer.webp","gt_fse_maillage_titre":"Kom tot rust in het zwembad van de camping in Argel\u00e8s-sur-Mer","gt_fse_maillage_resume":"","_gt_maillage_image":0,"_gt_maillage_video":0,"_gt_maillage_title":"","footnotes":""},"categories":[],"tags":[],"class_list":["post-5270","page","type-page","status-publish","has-post-thumbnail","hentry"],"acf":[],"_links":{"self":[{"href":"https:\/\/campingclosduthym.com\/nl\/wp-json\/wp\/v2\/pages\/5270","targetHints":{"allow":["GET"]}}],"collection":[{"href":"https:\/\/campingclosduthym.com\/nl\/wp-json\/wp\/v2\/pages"}],"about":[{"href":"https:\/\/campingclosduthym.com\/nl\/wp-json\/wp\/v2\/types\/page"}],"author":[{"embeddable":true,"href":"https:\/\/campingclosduthym.com\/nl\/wp-json\/wp\/v2\/users\/1"}],"replies":[{"embeddable":true,"href":"https:\/\/campingclosduthym.com\/nl\/wp-json\/wp\/v2\/comments?post=5270"}],"version-history":[{"count":7,"href":"https:\/\/campingclosduthym.com\/nl\/wp-json\/wp\/v2\/pages\/5270\/revisions"}],"predecessor-version":[{"id":5907,"href":"https:\/\/campingclosduthym.com\/nl\/wp-json\/wp\/v2\/pages\/5270\/revisions\/5907"}],"wp:featuredmedia":[{"embeddable":true,"href":"https:\/\/campingclosduthym.com\/nl\/wp-json\/wp\/v2\/media\/5271"}],"wp:attachment":[{"href":"https:\/\/campingclosduthym.com\/nl\/wp-json\/wp\/v2\/media?parent=5270"}],"wp:term":[{"taxonomy":"category","embeddable":true,"href":"https:\/\/campingclosduthym.com\/nl\/wp-json\/wp\/v2\/categories?post=5270"},{"taxonomy":"post_tag","embeddable":true,"href":"https:\/\/campingclosduthym.com\/nl\/wp-json\/wp\/v2\/tags?post=5270"}],"curies":[{"name":"wp","href":"https:\/\/api.w.org\/{rel}","templated":true}]}}